{"id":131,"date":"2018-06-25T13:46:03","date_gmt":"2018-06-25T11:46:03","guid":{"rendered":"http:\/\/nathaliecopinhypnosechalon.fr\/?page_id=131"},"modified":"2023-03-07T15:40:04","modified_gmt":"2023-03-07T14:40:04","slug":"expertise-tabac","status":"publish","type":"page","link":"https:\/\/nathaliecopinhypnosechalon.fr\/index.php\/expertise-tabac\/","title":{"rendered":"Expertise tabac"},"content":{"rendered":"\n<p>Si vous lisez cette page, c&rsquo;est sans doute que vous d\u00e9sirez arr\u00eater de fumer, en tout cas, votre conscient le d\u00e9sire, votre inconscient lui vient d&rsquo;entamer une partie de tennis sans entrainement. Heureusement c&rsquo;est un double. Vos adversaires sont big pharma (les vendeurs de patch, de chimioth\u00e9rapies  et autres joyeuset\u00e9s), et big tabac, qui ach\u00e8te les 20 grammes de tabac que contient un paquet de cigarettes pour moins de 1 centime d&rsquo;euros aux producteurs. Vos adversaires sont tr\u00e8s forts car depuis des d\u00e9cennies ils entretiennent vos peurs (peur d&rsquo;\u00eatre en manque, d&rsquo;\u00eatre stress\u00e9, de ne pas y arriver, de prendre du poids&#8230;.). Pour maintenir vos peurs bien pr\u00e9sentes (celles qui vous emp\u00eachent de r\u00e9ussir justement) ils utilisent lobbying, marketing, placements publicitaires plus ou moins subtils, et d\u00e9j\u00e0 conditionnent vos enfants \u00e0 devenir fumeurs.<\/p>\n\n\n\n<div class=\"wp-block-media-text alignwide is-stacked-on-mobile\"><figure class=\"wp-block-media-text__media\"><img loading=\"lazy\" decoding=\"async\" width=\"1024\" height=\"811\" src=\"http:\/\/nathaliecopinhypnosechalon.fr\/wp-content\/uploads\/2019\/06\/superman-1024x811.jpg\" alt=\"\" class=\"wp-image-145 size-full\" srcset=\"https:\/\/nathaliecopinhypnosechalon.fr\/wp-content\/uploads\/2019\/06\/superman-1024x811.jpg 1024w, https:\/\/nathaliecopinhypnosechalon.fr\/wp-content\/uploads\/2019\/06\/superman-300x237.jpg 300w, https:\/\/nathaliecopinhypnosechalon.fr\/wp-content\/uploads\/2019\/06\/superman-768x608.jpg 768w, https:\/\/nathaliecopinhypnosechalon.fr\/wp-content\/uploads\/2019\/06\/superman-676x535.jpg 676w, https:\/\/nathaliecopinhypnosechalon.fr\/wp-content\/uploads\/2019\/06\/superman.jpg 1353w\" sizes=\"(max-width: 1024px) 100vw, 1024px\" \/><\/figure><div class=\"wp-block-media-text__content\">\n<p class=\"has-large-font-size\">sans commentaire!<\/p>\n<\/div><\/div>\n\n\n\n<p>Heureusement, vous disposez d&rsquo;un partenaire bien entra\u00een\u00e9 (votre hypnoth\u00e9rapeute ATH)  qui va vous aider \u00e0 remporter la partie.  Si vous voulez faire partie des  vainqueurs, il va falloir vous engager, monter au filet.<\/p>\n\n\n\n<p>La partie se joue en deux manches. la premi\u00e8re manche permettra de commencer la d\u00e9programmation.<\/p>\n\n\n\n<p>Dans la deuxi\u00e8me manche nous l&rsquo;affinerons en travaillant sur ce qui est un peu moins facile pour vous.  <\/p>\n\n\n\n<p>Chaque manche va durer environ 1h00<\/p>\n\n\n\n<p>Il vous en co\u00fbtera l&rsquo;\u00e9quivalent d&rsquo;environ  13 paquets de pesticide, heu pardon de cigarettes ( oui, la nicotine tue les b\u00eates aussi!) soit 130 euros.<\/p>\n\n\n\n<p>Alors d\u00e9crochez vite votre t\u00e9l\u00e9phone pour prendre un RDV car mes d\u00e9lais sont longs (je garde quelques places de secours pour les futures mamans car b\u00e9b\u00e9 n&rsquo;a rien demand\u00e9) et devenez enfin un non-fumeur!<\/p>\n\n\n\n<div class=\"wp-block-media-text is-stacked-on-mobile\"><figure class=\"wp-block-media-text__media\"><video controls src=\"http:\/\/nathaliecopinhypnosechalon.fr\/wp-content\/uploads\/2019\/08\/TEMOIGNAGE-BRUNO-PERRIN-108MO-v3.mp4\"><\/video><\/figure><div class=\"wp-block-media-text__content\">\n<p>T\u00e9moignage de Bruno Perrin, non fumeur depuis 6 ans<\/p>\n<\/div><\/div>\n\n\n\n<div class=\"wp-block-media-text alignwide is-stacked-on-mobile\"><figure class=\"wp-block-media-text__media\"><\/figure><div class=\"wp-block-media-text__content\">\n<p class=\"has-large-font-size\"><\/p>\n<\/div><\/div>\n","protected":false},"excerpt":{"rendered":"<p>Si vous lisez cette page, c&rsquo;est sans doute que vous d\u00e9sirez arr\u00eater de fumer, en tout cas, votre conscient le d\u00e9sire, votre inconscient lui vient d&rsquo;entamer une partie de tennis sans entrainement. Heureusement c&rsquo;est un double. Vos adversaires sont big pharma (les vendeurs de patch, de chimioth\u00e9rapies et autres joyeuset\u00e9s), et big tabac, qui ach\u00e8te [&hellip;]<\/p>\n","protected":false},"author":1,"featured_media":0,"parent":0,"menu_order":0,"comment_status":"closed","ping_status":"closed","template":"","meta":{"footnotes":""},"yoast_head":"<!-- This site is optimized with the Yoast SEO plugin v23.5 - https:\/\/yoast.com\/wordpress\/plugins\/seo\/ -->\n<title>Expertise tabac | Hypnose et th\u00e9rapies br\u00e8ves<\/title>\n<meta name=\"description\" content=\"Si vous lisez cette page, c&#039;est sans doute que vous d\u00e9sirez arr\u00eater de fumer, en tout cas, votre conscient le d\u00e9sire, votre inconscient ...\" \/>\n<meta name=\"robots\" content=\"index, follow, max-snippet:-1, max-image-preview:large, max-video-preview:-1\" \/>\n<link rel=\"canonical\" href=\"https:\/\/nathaliecopinhypnosechalon.fr\/index.php\/expertise-tabac\/\" \/>\n<meta property=\"og:locale\" content=\"fr_FR\" \/>\n<meta property=\"og:type\" content=\"article\" \/>\n<meta property=\"og:title\" content=\"Expertise tabac | Hypnose et th\u00e9rapies br\u00e8ves\" \/>\n<meta property=\"og:description\" content=\"Si vous lisez cette page, c&#039;est sans doute que vous d\u00e9sirez arr\u00eater de fumer, en tout cas, votre conscient le d\u00e9sire, votre inconscient ...\" \/>\n<meta property=\"og:url\" content=\"https:\/\/nathaliecopinhypnosechalon.fr\/index.php\/expertise-tabac\/\" \/>\n<meta property=\"og:site_name\" content=\"Hypnose et th\u00e9rapies br\u00e8ves\" \/>\n<meta property=\"article:publisher\" content=\"https:\/\/www.facebook.com\/hypnose.chalon.sur.saone\/\" \/>\n<meta property=\"article:modified_time\" content=\"2023-03-07T14:40:04+00:00\" \/>\n<meta property=\"og:image\" content=\"http:\/\/nathaliecopinhypnosechalon.fr\/wp-content\/uploads\/2019\/06\/superman-1024x811.jpg\" \/>\n<meta name=\"twitter:card\" content=\"summary_large_image\" \/>\n<meta name=\"twitter:label1\" content=\"Dur\u00e9e de lecture estim\u00e9e\" \/>\n\t<meta name=\"twitter:data1\" content=\"2 minutes\" \/>\n<script type=\"application\/ld+json\" class=\"yoast-schema-graph\">{\"@context\":\"https:\/\/schema.org\",\"@graph\":[{\"@type\":\"WebPage\",\"@id\":\"https:\/\/nathaliecopinhypnosechalon.fr\/index.php\/expertise-tabac\/\",\"url\":\"https:\/\/nathaliecopinhypnosechalon.fr\/index.php\/expertise-tabac\/\",\"name\":\"Expertise tabac | Hypnose et th\u00e9rapies br\u00e8ves\",\"isPartOf\":{\"@id\":\"https:\/\/nathaliecopinhypnosechalon.fr\/#website\"},\"primaryImageOfPage\":{\"@id\":\"https:\/\/nathaliecopinhypnosechalon.fr\/index.php\/expertise-tabac\/#primaryimage\"},\"image\":{\"@id\":\"https:\/\/nathaliecopinhypnosechalon.fr\/index.php\/expertise-tabac\/#primaryimage\"},\"thumbnailUrl\":\"http:\/\/nathaliecopinhypnosechalon.fr\/wp-content\/uploads\/2019\/06\/superman-1024x811.jpg\",\"datePublished\":\"2018-06-25T11:46:03+00:00\",\"dateModified\":\"2023-03-07T14:40:04+00:00\",\"description\":\"Si vous lisez cette page, c'est sans doute que vous d\u00e9sirez arr\u00eater de fumer, en tout cas, votre conscient le d\u00e9sire, votre inconscient ...\",\"breadcrumb\":{\"@id\":\"https:\/\/nathaliecopinhypnosechalon.fr\/index.php\/expertise-tabac\/#breadcrumb\"},\"inLanguage\":\"fr-FR\",\"potentialAction\":[{\"@type\":\"ReadAction\",\"target\":[\"https:\/\/nathaliecopinhypnosechalon.fr\/index.php\/expertise-tabac\/\"]}]},{\"@type\":\"ImageObject\",\"inLanguage\":\"fr-FR\",\"@id\":\"https:\/\/nathaliecopinhypnosechalon.fr\/index.php\/expertise-tabac\/#primaryimage\",\"url\":\"https:\/\/nathaliecopinhypnosechalon.fr\/wp-content\/uploads\/2019\/06\/superman.jpg\",\"contentUrl\":\"https:\/\/nathaliecopinhypnosechalon.fr\/wp-content\/uploads\/2019\/06\/superman.jpg\",\"width\":1353,\"height\":1071},{\"@type\":\"BreadcrumbList\",\"@id\":\"https:\/\/nathaliecopinhypnosechalon.fr\/index.php\/expertise-tabac\/#breadcrumb\",\"itemListElement\":[{\"@type\":\"ListItem\",\"position\":1,\"name\":\"Accueil\",\"item\":\"https:\/\/nathaliecopinhypnosechalon.fr\/\"},{\"@type\":\"ListItem\",\"position\":2,\"name\":\"Expertise tabac\"}]},{\"@type\":\"WebSite\",\"@id\":\"https:\/\/nathaliecopinhypnosechalon.fr\/#website\",\"url\":\"https:\/\/nathaliecopinhypnosechalon.fr\/\",\"name\":\"Hypnose et th\u00e9rapies br\u00e8ves\",\"description\":\"Soyez bien, simplement\",\"publisher\":{\"@id\":\"https:\/\/nathaliecopinhypnosechalon.fr\/#\/schema\/person\/f445a33ca84b3d1cd3694ae243e8f500\"},\"potentialAction\":[{\"@type\":\"SearchAction\",\"target\":{\"@type\":\"EntryPoint\",\"urlTemplate\":\"https:\/\/nathaliecopinhypnosechalon.fr\/?s={search_term_string}\"},\"query-input\":{\"@type\":\"PropertyValueSpecification\",\"valueRequired\":true,\"valueName\":\"search_term_string\"}}],\"inLanguage\":\"fr-FR\"},{\"@type\":[\"Person\",\"Organization\"],\"@id\":\"https:\/\/nathaliecopinhypnosechalon.fr\/#\/schema\/person\/f445a33ca84b3d1cd3694ae243e8f500\",\"name\":\"Nathalie Copin\",\"image\":{\"@type\":\"ImageObject\",\"inLanguage\":\"fr-FR\",\"@id\":\"https:\/\/nathaliecopinhypnosechalon.fr\/#\/schema\/person\/image\/\",\"url\":\"https:\/\/secure.gravatar.com\/avatar\/3cb492c8ea2c5179fe5740e2c6111bc2?s=96&d=mm&r=g\",\"contentUrl\":\"https:\/\/secure.gravatar.com\/avatar\/3cb492c8ea2c5179fe5740e2c6111bc2?s=96&d=mm&r=g\",\"caption\":\"Nathalie Copin\"},\"logo\":{\"@id\":\"https:\/\/nathaliecopinhypnosechalon.fr\/#\/schema\/person\/image\/\"},\"sameAs\":[\"https:\/\/nathaliecopinhypnosechalon.fr\/\",\"https:\/\/www.facebook.com\/hypnose.chalon.sur.saone\/\",\"https:\/\/www.youtube.com\/channel\/UC6MzQg6N2SzBxmVIVb4FJTQ\"]}]}<\/script>\n<!-- \/ Yoast SEO plugin. -->","yoast_head_json":{"title":"Expertise tabac | Hypnose et th\u00e9rapies br\u00e8ves","description":"Si vous lisez cette page, c'est sans doute que vous d\u00e9sirez arr\u00eater de fumer, en tout cas, votre conscient le d\u00e9sire, votre inconscient ...","robots":{"index":"index","follow":"follow","max-snippet":"max-snippet:-1","max-image-preview":"max-image-preview:large","max-video-preview":"max-video-preview:-1"},"canonical":"https:\/\/nathaliecopinhypnosechalon.fr\/index.php\/expertise-tabac\/","og_locale":"fr_FR","og_type":"article","og_title":"Expertise tabac | Hypnose et th\u00e9rapies br\u00e8ves","og_description":"Si vous lisez cette page, c'est sans doute que vous d\u00e9sirez arr\u00eater de fumer, en tout cas, votre conscient le d\u00e9sire, votre inconscient ...","og_url":"https:\/\/nathaliecopinhypnosechalon.fr\/index.php\/expertise-tabac\/","og_site_name":"Hypnose et th\u00e9rapies br\u00e8ves","article_publisher":"https:\/\/www.facebook.com\/hypnose.chalon.sur.saone\/","article_modified_time":"2023-03-07T14:40:04+00:00","og_image":[{"url":"http:\/\/nathaliecopinhypnosechalon.fr\/wp-content\/uploads\/2019\/06\/superman-1024x811.jpg"}],"twitter_card":"summary_large_image","twitter_misc":{"Dur\u00e9e de lecture estim\u00e9e":"2 minutes"},"schema":{"@context":"https:\/\/schema.org","@graph":[{"@type":"WebPage","@id":"https:\/\/nathaliecopinhypnosechalon.fr\/index.php\/expertise-tabac\/","url":"https:\/\/nathaliecopinhypnosechalon.fr\/index.php\/expertise-tabac\/","name":"Expertise tabac | Hypnose et th\u00e9rapies br\u00e8ves","isPartOf":{"@id":"https:\/\/nathaliecopinhypnosechalon.fr\/#website"},"primaryImageOfPage":{"@id":"https:\/\/nathaliecopinhypnosechalon.fr\/index.php\/expertise-tabac\/#primaryimage"},"image":{"@id":"https:\/\/nathaliecopinhypnosechalon.fr\/index.php\/expertise-tabac\/#primaryimage"},"thumbnailUrl":"http:\/\/nathaliecopinhypnosechalon.fr\/wp-content\/uploads\/2019\/06\/superman-1024x811.jpg","datePublished":"2018-06-25T11:46:03+00:00","dateModified":"2023-03-07T14:40:04+00:00","description":"Si vous lisez cette page, c'est sans doute que vous d\u00e9sirez arr\u00eater de fumer, en tout cas, votre conscient le d\u00e9sire, votre inconscient ...","breadcrumb":{"@id":"https:\/\/nathaliecopinhypnosechalon.fr\/index.php\/expertise-tabac\/#breadcrumb"},"inLanguage":"fr-FR","potentialAction":[{"@type":"ReadAction","target":["https:\/\/nathaliecopinhypnosechalon.fr\/index.php\/expertise-tabac\/"]}]},{"@type":"ImageObject","inLanguage":"fr-FR","@id":"https:\/\/nathaliecopinhypnosechalon.fr\/index.php\/expertise-tabac\/#primaryimage","url":"https:\/\/nathaliecopinhypnosechalon.fr\/wp-content\/uploads\/2019\/06\/superman.jpg","contentUrl":"https:\/\/nathaliecopinhypnosechalon.fr\/wp-content\/uploads\/2019\/06\/superman.jpg","width":1353,"height":1071},{"@type":"BreadcrumbList","@id":"https:\/\/nathaliecopinhypnosechalon.fr\/index.php\/expertise-tabac\/#breadcrumb","itemListElement":[{"@type":"ListItem","position":1,"name":"Accueil","item":"https:\/\/nathaliecopinhypnosechalon.fr\/"},{"@type":"ListItem","position":2,"name":"Expertise tabac"}]},{"@type":"WebSite","@id":"https:\/\/nathaliecopinhypnosechalon.fr\/#website","url":"https:\/\/nathaliecopinhypnosechalon.fr\/","name":"Hypnose et th\u00e9rapies br\u00e8ves","description":"Soyez bien, simplement","publisher":{"@id":"https:\/\/nathaliecopinhypnosechalon.fr\/#\/schema\/person\/f445a33ca84b3d1cd3694ae243e8f500"},"potentialAction":[{"@type":"SearchAction","target":{"@type":"EntryPoint","urlTemplate":"https:\/\/nathaliecopinhypnosechalon.fr\/?s={search_term_string}"},"query-input":{"@type":"PropertyValueSpecification","valueRequired":true,"valueName":"search_term_string"}}],"inLanguage":"fr-FR"},{"@type":["Person","Organization"],"@id":"https:\/\/nathaliecopinhypnosechalon.fr\/#\/schema\/person\/f445a33ca84b3d1cd3694ae243e8f500","name":"Nathalie Copin","image":{"@type":"ImageObject","inLanguage":"fr-FR","@id":"https:\/\/nathaliecopinhypnosechalon.fr\/#\/schema\/person\/image\/","url":"https:\/\/secure.gravatar.com\/avatar\/3cb492c8ea2c5179fe5740e2c6111bc2?s=96&d=mm&r=g","contentUrl":"https:\/\/secure.gravatar.com\/avatar\/3cb492c8ea2c5179fe5740e2c6111bc2?s=96&d=mm&r=g","caption":"Nathalie Copin"},"logo":{"@id":"https:\/\/nathaliecopinhypnosechalon.fr\/#\/schema\/person\/image\/"},"sameAs":["https:\/\/nathaliecopinhypnosechalon.fr\/","https:\/\/www.facebook.com\/hypnose.chalon.sur.saone\/","https:\/\/www.youtube.com\/channel\/UC6MzQg6N2SzBxmVIVb4FJTQ"]}]}},"_links":{"self":[{"href":"https:\/\/nathaliecopinhypnosechalon.fr\/index.php\/wp-json\/wp\/v2\/pages\/131"}],"collection":[{"href":"https:\/\/nathaliecopinhypnosechalon.fr\/index.php\/wp-json\/wp\/v2\/pages"}],"about":[{"href":"https:\/\/nathaliecopinhypnosechalon.fr\/index.php\/wp-json\/wp\/v2\/types\/page"}],"author":[{"embeddable":true,"href":"https:\/\/nathaliecopinhypnosechalon.fr\/index.php\/wp-json\/wp\/v2\/users\/1"}],"replies":[{"embeddable":true,"href":"https:\/\/nathaliecopinhypnosechalon.fr\/index.php\/wp-json\/wp\/v2\/comments?post=131"}],"version-history":[{"count":13,"href":"https:\/\/nathaliecopinhypnosechalon.fr\/index.php\/wp-json\/wp\/v2\/pages\/131\/revisions"}],"predecessor-version":[{"id":503,"href":"https:\/\/nathaliecopinhypnosechalon.fr\/index.php\/wp-json\/wp\/v2\/pages\/131\/revisions\/503"}],"wp:attachment":[{"href":"https:\/\/nathaliecopinhypnosechalon.fr\/index.php\/wp-json\/wp\/v2\/media?parent=131"}],"curies":[{"name":"wp","href":"https:\/\/api.w.org\/{rel}","templated":true}]}}