{"id":197,"date":"2019-07-01T17:10:13","date_gmt":"2019-07-01T15:10:13","guid":{"rendered":"http:\/\/nathaliecopinhypnosechalon.fr\/?page_id=197"},"modified":"2021-06-23T17:07:21","modified_gmt":"2021-06-23T15:07:21","slug":"bienvenue-2","status":"publish","type":"page","link":"https:\/\/nathaliecopinhypnosechalon.fr\/","title":{"rendered":"Bienvenue"},"content":{"rendered":"\n<p>Bonjour<\/p>\n\n\n\n<p>Je suis Nathalie Copin, Psychopraticienne en th\u00e9rapies br\u00e8ves (hypnose, PNL et Deep Neuronal Repatterning, m\u00e9thode proche de l&rsquo;EMDR)<\/p>\n\n\n\n<p>Avec ce site, j&rsquo;ai un objectif : vous permettre de percevoir \u00e0 quel point les th\u00e9rapies br\u00e8ves en g\u00e9n\u00e9ral et l&rsquo;hypnose en particulier sont des outils naturels, simples, &nbsp; accessibles pour am\u00e9liorer sa vie en profondeur et durablement. en vous rendant sur la page <a rel=\"noreferrer noopener\" aria-label=\"&quot;l'hypnose pour quoi faire?&quot; (s\u2019ouvre dans un nouvel onglet)\" href=\"http:\/\/nathaliecopinhypnosechalon.fr\/index.php\/lhypnose-pour-quoi-faire\/\" target=\"_blank\">\u00ab\u00a0l&rsquo;hypnose pour quoi faire?\u00a0\u00bb<\/a> vous d\u00e9couvrirez tout ce qu&rsquo;on peut changer gr\u00e2ce \u00e0 l&rsquo;hypnose et \u00e0 ses \u00ab\u00a0cousines\u00a0\u00bb.<\/p>\n\n\n\n<p>Parce que l&rsquo;hypnose passe par un lien de confiance, vous trouverez une pr\u00e9sentation de <a rel=\"noreferrer noopener\" aria-label=\"&quot;qui je suis&quot;  (s\u2019ouvre dans un nouvel onglet)\" href=\"http:\/\/nathaliecopinhypnosechalon.fr\/index.php\/qui-suis-je\/\" target=\"_blank\">\u00ab\u00a0qui je suis\u00a0\u00bb <\/a>.<\/p>\n\n\n\n<p>Et surtout, des articles, des vid\u00e9os, pour vous aider et vous accompagner parce que c&rsquo;est ma fa\u00e7on modeste de contribuer \u00e0 rendre cette plan\u00e8te plus belle et plus heureuse.<\/p>\n\n\n\n<p>Nous avons tous besoin de simplicit\u00e9,&nbsp; alors point de menus trop compliqu\u00e9s,&nbsp; de caract\u00e8res alambiqu\u00e9s, d&rsquo;images superflues&#8230;<\/p>\n\n\n\n<p>Notre cerveau \u00e0 d\u00e9j\u00e0 tant d&rsquo;informations \u00e0 g\u00e9rer en permanence, ne l&rsquo;\u00e9puisons pas d&rsquo;avantage&#8230;.<\/p>\n\n\n\n<p>Promenez vous sur ce site, \u00e0 votre rythme, \u00e0 votre fa\u00e7on, les \u00e9tiquettes et cat\u00e9gories sur le cot\u00e9, vous permettront d&rsquo;aller chercher des articles par th\u00e8me, en fonction des sujets qui vous int\u00e9ressent.<\/p>\n\n\n\n<p>Je vous offre des vid\u00e9os pour vous initier tranquillement, d&rsquo;autres viendront, parfois payantes, sous formes de packs car elles ont l&rsquo;ambition de vous accompagner en profondeur dans vos changements. Si vous n&rsquo;\u00eates pas trop loin de chez moi (en Sa\u00f4ne et Loire, joli d\u00e9partement plut\u00f4t rural entre Lyon et Dijon,&nbsp; ou il fait bon vivre, ) vous pouvez me rendre visite pour un bilan qui n&rsquo;engage en rien ou pour r\u00e9gler une probl\u00e9matique d\u00e9j\u00e0 identifi\u00e9e.<\/p>\n\n\n\n<p>Hypnotiquement v\u00f4tre<\/p>\n\n\n\n<p>Nathalie<\/p>\n","protected":false},"excerpt":{"rendered":"<p>Bonjour Je suis Nathalie Copin, Psychopraticienne en th\u00e9rapies br\u00e8ves (hypnose, PNL et Deep Neuronal Repatterning, m\u00e9thode proche de l&rsquo;EMDR) Avec ce site, j&rsquo;ai un objectif : vous permettre de percevoir \u00e0 quel point les th\u00e9rapies br\u00e8ves en g\u00e9n\u00e9ral et l&rsquo;hypnose en particulier sont des outils naturels, simples, &nbsp; accessibles pour am\u00e9liorer sa vie en profondeur [&hellip;]<\/p>\n","protected":false},"author":1,"featured_media":0,"parent":0,"menu_order":0,"comment_status":"closed","ping_status":"closed","template":"","meta":{"footnotes":""},"yoast_head":"<!-- This site is optimized with the Yoast SEO plugin v23.5 - https:\/\/yoast.com\/wordpress\/plugins\/seo\/ -->\n<title>Bienvenu | Hypnose et th\u00e9rapies br\u00e8ves<\/title>\n<meta name=\"description\" content=\"Avec ce site, j&#039;ai un objectif : vous permettre de percevoir \u00e0 quel point les th\u00e9rapies br\u00e8ves en g\u00e9n\u00e9ral et l&#039;hypnose en particulier sont ...\" \/>\n<meta name=\"robots\" content=\"index, follow, max-snippet:-1, max-image-preview:large, max-video-preview:-1\" \/>\n<link rel=\"canonical\" href=\"https:\/\/nathaliecopinhypnosechalon.fr\/\" \/>\n<meta property=\"og:locale\" content=\"fr_FR\" \/>\n<meta property=\"og:type\" content=\"article\" \/>\n<meta property=\"og:title\" content=\"Bienvenu | Hypnose et th\u00e9rapies br\u00e8ves\" \/>\n<meta property=\"og:description\" content=\"Avec ce site, j&#039;ai un objectif : vous permettre de percevoir \u00e0 quel point les th\u00e9rapies br\u00e8ves en g\u00e9n\u00e9ral et l&#039;hypnose en particulier sont ...\" \/>\n<meta property=\"og:url\" content=\"https:\/\/nathaliecopinhypnosechalon.fr\/\" \/>\n<meta property=\"og:site_name\" content=\"Hypnose et th\u00e9rapies br\u00e8ves\" \/>\n<meta property=\"article:publisher\" content=\"https:\/\/www.facebook.com\/hypnose.chalon.sur.saone\/\" \/>\n<meta property=\"article:modified_time\" content=\"2021-06-23T15:07:21+00:00\" \/>\n<meta name=\"twitter:card\" content=\"summary_large_image\" \/>\n<meta name=\"twitter:label1\" content=\"Dur\u00e9e de lecture estim\u00e9e\" \/>\n\t<meta name=\"twitter:data1\" content=\"2 minutes\" \/>\n<script type=\"application\/ld+json\" class=\"yoast-schema-graph\">{\"@context\":\"https:\/\/schema.org\",\"@graph\":[{\"@type\":\"WebPage\",\"@id\":\"https:\/\/nathaliecopinhypnosechalon.fr\/\",\"url\":\"https:\/\/nathaliecopinhypnosechalon.fr\/\",\"name\":\"Bienvenu | Hypnose et th\u00e9rapies br\u00e8ves\",\"isPartOf\":{\"@id\":\"https:\/\/nathaliecopinhypnosechalon.fr\/#website\"},\"datePublished\":\"2019-07-01T15:10:13+00:00\",\"dateModified\":\"2021-06-23T15:07:21+00:00\",\"description\":\"Avec ce site, j'ai un objectif : vous permettre de percevoir \u00e0 quel point les th\u00e9rapies br\u00e8ves en g\u00e9n\u00e9ral et l'hypnose en particulier sont ...\",\"breadcrumb\":{\"@id\":\"https:\/\/nathaliecopinhypnosechalon.fr\/#breadcrumb\"},\"inLanguage\":\"fr-FR\",\"potentialAction\":[{\"@type\":\"ReadAction\",\"target\":[\"https:\/\/nathaliecopinhypnosechalon.fr\/\"]}]},{\"@type\":\"BreadcrumbList\",\"@id\":\"https:\/\/nathaliecopinhypnosechalon.fr\/#breadcrumb\",\"itemListElement\":[{\"@type\":\"ListItem\",\"position\":1,\"name\":\"Accueil\",\"item\":\"https:\/\/nathaliecopinhypnosechalon.fr\/\"},{\"@type\":\"ListItem\",\"position\":2,\"name\":\"Bienvenue\"}]},{\"@type\":\"WebSite\",\"@id\":\"https:\/\/nathaliecopinhypnosechalon.fr\/#website\",\"url\":\"https:\/\/nathaliecopinhypnosechalon.fr\/\",\"name\":\"Hypnose et th\u00e9rapies br\u00e8ves\",\"description\":\"Soyez bien, simplement\",\"publisher\":{\"@id\":\"https:\/\/nathaliecopinhypnosechalon.fr\/#\/schema\/person\/f445a33ca84b3d1cd3694ae243e8f500\"},\"potentialAction\":[{\"@type\":\"SearchAction\",\"target\":{\"@type\":\"EntryPoint\",\"urlTemplate\":\"https:\/\/nathaliecopinhypnosechalon.fr\/?s={search_term_string}\"},\"query-input\":{\"@type\":\"PropertyValueSpecification\",\"valueRequired\":true,\"valueName\":\"search_term_string\"}}],\"inLanguage\":\"fr-FR\"},{\"@type\":[\"Person\",\"Organization\"],\"@id\":\"https:\/\/nathaliecopinhypnosechalon.fr\/#\/schema\/person\/f445a33ca84b3d1cd3694ae243e8f500\",\"name\":\"Nathalie Copin\",\"image\":{\"@type\":\"ImageObject\",\"inLanguage\":\"fr-FR\",\"@id\":\"https:\/\/nathaliecopinhypnosechalon.fr\/#\/schema\/person\/image\/\",\"url\":\"https:\/\/secure.gravatar.com\/avatar\/3cb492c8ea2c5179fe5740e2c6111bc2?s=96&d=mm&r=g\",\"contentUrl\":\"https:\/\/secure.gravatar.com\/avatar\/3cb492c8ea2c5179fe5740e2c6111bc2?s=96&d=mm&r=g\",\"caption\":\"Nathalie Copin\"},\"logo\":{\"@id\":\"https:\/\/nathaliecopinhypnosechalon.fr\/#\/schema\/person\/image\/\"},\"sameAs\":[\"https:\/\/nathaliecopinhypnosechalon.fr\/\",\"https:\/\/www.facebook.com\/hypnose.chalon.sur.saone\/\",\"https:\/\/www.youtube.com\/channel\/UC6MzQg6N2SzBxmVIVb4FJTQ\"]}]}<\/script>\n<!-- \/ Yoast SEO plugin. -->","yoast_head_json":{"title":"Bienvenu | Hypnose et th\u00e9rapies br\u00e8ves","description":"Avec ce site, j'ai un objectif : vous permettre de percevoir \u00e0 quel point les th\u00e9rapies br\u00e8ves en g\u00e9n\u00e9ral et l'hypnose en particulier sont ...","robots":{"index":"index","follow":"follow","max-snippet":"max-snippet:-1","max-image-preview":"max-image-preview:large","max-video-preview":"max-video-preview:-1"},"canonical":"https:\/\/nathaliecopinhypnosechalon.fr\/","og_locale":"fr_FR","og_type":"article","og_title":"Bienvenu | Hypnose et th\u00e9rapies br\u00e8ves","og_description":"Avec ce site, j'ai un objectif : vous permettre de percevoir \u00e0 quel point les th\u00e9rapies br\u00e8ves en g\u00e9n\u00e9ral et l'hypnose en particulier sont ...","og_url":"https:\/\/nathaliecopinhypnosechalon.fr\/","og_site_name":"Hypnose et th\u00e9rapies br\u00e8ves","article_publisher":"https:\/\/www.facebook.com\/hypnose.chalon.sur.saone\/","article_modified_time":"2021-06-23T15:07:21+00:00","twitter_card":"summary_large_image","twitter_misc":{"Dur\u00e9e de lecture estim\u00e9e":"2 minutes"},"schema":{"@context":"https:\/\/schema.org","@graph":[{"@type":"WebPage","@id":"https:\/\/nathaliecopinhypnosechalon.fr\/","url":"https:\/\/nathaliecopinhypnosechalon.fr\/","name":"Bienvenu | Hypnose et th\u00e9rapies br\u00e8ves","isPartOf":{"@id":"https:\/\/nathaliecopinhypnosechalon.fr\/#website"},"datePublished":"2019-07-01T15:10:13+00:00","dateModified":"2021-06-23T15:07:21+00:00","description":"Avec ce site, j'ai un objectif : vous permettre de percevoir \u00e0 quel point les th\u00e9rapies br\u00e8ves en g\u00e9n\u00e9ral et l'hypnose en particulier sont ...","breadcrumb":{"@id":"https:\/\/nathaliecopinhypnosechalon.fr\/#breadcrumb"},"inLanguage":"fr-FR","potentialAction":[{"@type":"ReadAction","target":["https:\/\/nathaliecopinhypnosechalon.fr\/"]}]},{"@type":"BreadcrumbList","@id":"https:\/\/nathaliecopinhypnosechalon.fr\/#breadcrumb","itemListElement":[{"@type":"ListItem","position":1,"name":"Accueil","item":"https:\/\/nathaliecopinhypnosechalon.fr\/"},{"@type":"ListItem","position":2,"name":"Bienvenue"}]},{"@type":"WebSite","@id":"https:\/\/nathaliecopinhypnosechalon.fr\/#website","url":"https:\/\/nathaliecopinhypnosechalon.fr\/","name":"Hypnose et th\u00e9rapies br\u00e8ves","description":"Soyez bien, simplement","publisher":{"@id":"https:\/\/nathaliecopinhypnosechalon.fr\/#\/schema\/person\/f445a33ca84b3d1cd3694ae243e8f500"},"potentialAction":[{"@type":"SearchAction","target":{"@type":"EntryPoint","urlTemplate":"https:\/\/nathaliecopinhypnosechalon.fr\/?s={search_term_string}"},"query-input":{"@type":"PropertyValueSpecification","valueRequired":true,"valueName":"search_term_string"}}],"inLanguage":"fr-FR"},{"@type":["Person","Organization"],"@id":"https:\/\/nathaliecopinhypnosechalon.fr\/#\/schema\/person\/f445a33ca84b3d1cd3694ae243e8f500","name":"Nathalie Copin","image":{"@type":"ImageObject","inLanguage":"fr-FR","@id":"https:\/\/nathaliecopinhypnosechalon.fr\/#\/schema\/person\/image\/","url":"https:\/\/secure.gravatar.com\/avatar\/3cb492c8ea2c5179fe5740e2c6111bc2?s=96&d=mm&r=g","contentUrl":"https:\/\/secure.gravatar.com\/avatar\/3cb492c8ea2c5179fe5740e2c6111bc2?s=96&d=mm&r=g","caption":"Nathalie Copin"},"logo":{"@id":"https:\/\/nathaliecopinhypnosechalon.fr\/#\/schema\/person\/image\/"},"sameAs":["https:\/\/nathaliecopinhypnosechalon.fr\/","https:\/\/www.facebook.com\/hypnose.chalon.sur.saone\/","https:\/\/www.youtube.com\/channel\/UC6MzQg6N2SzBxmVIVb4FJTQ"]}]}},"_links":{"self":[{"href":"https:\/\/nathaliecopinhypnosechalon.fr\/index.php\/wp-json\/wp\/v2\/pages\/197"}],"collection":[{"href":"https:\/\/nathaliecopinhypnosechalon.fr\/index.php\/wp-json\/wp\/v2\/pages"}],"about":[{"href":"https:\/\/nathaliecopinhypnosechalon.fr\/index.php\/wp-json\/wp\/v2\/types\/page"}],"author":[{"embeddable":true,"href":"https:\/\/nathaliecopinhypnosechalon.fr\/index.php\/wp-json\/wp\/v2\/users\/1"}],"replies":[{"embeddable":true,"href":"https:\/\/nathaliecopinhypnosechalon.fr\/index.php\/wp-json\/wp\/v2\/comments?post=197"}],"version-history":[{"count":3,"href":"https:\/\/nathaliecopinhypnosechalon.fr\/index.php\/wp-json\/wp\/v2\/pages\/197\/revisions"}],"predecessor-version":[{"id":410,"href":"https:\/\/nathaliecopinhypnosechalon.fr\/index.php\/wp-json\/wp\/v2\/pages\/197\/revisions\/410"}],"wp:attachment":[{"href":"https:\/\/nathaliecopinhypnosechalon.fr\/index.php\/wp-json\/wp\/v2\/media?parent=197"}],"curies":[{"name":"wp","href":"https:\/\/api.w.org\/{rel}","templated":true}]}}