{"id":20,"date":"2017-06-05T18:03:19","date_gmt":"2017-06-05T16:03:19","guid":{"rendered":"http:\/\/nathaliecopinhypnosechalon.fr\/?page_id=20"},"modified":"2021-06-23T16:44:33","modified_gmt":"2021-06-23T14:44:33","slug":"qui-suis-je","status":"publish","type":"page","link":"https:\/\/nathaliecopinhypnosechalon.fr\/index.php\/qui-suis-je\/","title":{"rendered":"Qui suis-je?"},"content":{"rendered":"\n<h3 class=\"wp-block-heading\">Bonjour,<\/h3>\n\n\n\n<p><strong>Th\u00e9rapies&nbsp;br\u00e8ves&nbsp;<\/strong>en&nbsp;g\u00e9n\u00e9ral<strong>&nbsp;<\/strong>et<strong>&nbsp;hypnose&nbsp;<\/strong>en&nbsp;particulier&nbsp;ont le vent en poupe, spectacle, m\u00e9diatisation dans les blocs op\u00e9ratoire, articles nombreux sur ses bienfaits&#8230;  <br>C&rsquo;est tant mieux car avec sa proche cousine la PNL (programmation neuro-lingusitique) , et le DNR,  ce sont des outils formidables. <\/p>\n\n\n\n<p>Pour moi, praticienne, c&rsquo;est avant tout un<strong> lien humain, de confiance<\/strong>, c&rsquo;est pourquoi je tiens \u00e0 me pr\u00e9senter bri\u00e8vement. <br>Pratiquer l&rsquo;hypnose, c&rsquo;est <strong>avant tout<\/strong> <strong>vous aider au quotidien<\/strong> \u00e0 r\u00e9soudre facilement et en s\u00e9curit\u00e9 petits et grands probl\u00e8mes. Je l&rsquo;ai d\u00e9couverte il y a bien des ann\u00e9es par le biais d&rsquo;un ami, m\u00e9decin et hypnoth\u00e9rapeute qui m&rsquo;a dit quand je lui faisais part de mon d\u00e9sir d&rsquo;accompagner les personnes vers le mieux \u00eatre : \u00ab\u00a0Nathalie, \u00e7a c&rsquo;est pour toi\u00a0\u00bb.&nbsp; ( Philippe, je ne te remercierai jamais assez) . Alors je me suis form\u00e9e, bien et longtemps car je suis d&rsquo;un naturel perfectionniste. Je&nbsp; me suis appliqu\u00e9e \u00e0 hypnotiser d&rsquo;abord&nbsp; mes proches, mes amis, mes fils L\u00e9o et Alex,&nbsp; deux jeunes adultes&nbsp; qui m&rsquo;ont sacr\u00e9ment soutenu et qui le font encore sur des aspects techniques (ce site, mes vid\u00e9os&#8230;) puis par le biais du bouche \u00e0 oreilles, les amis de mes proches et les amis de mes amis&#8230;. <\/p>\n\n\n\n<p>Enfin, j&rsquo;ai quitt\u00e9 volontairement l&#8217;emploi de cadre que j&rsquo;exer\u00e7ais dans le domaine de l&rsquo;insertion professionnelle. Et je me suis lanc\u00e9e avec une conviction qui m&rsquo;a port\u00e9e, qui m&rsquo;a nourrie, et que j&rsquo;ai renforc\u00e9e gr\u00e2ce \u00e0 l&rsquo;auto-hypnose:&nbsp; j&rsquo;ai futuris\u00e9 mon projet, je l&rsquo;ai visualis\u00e9, j&rsquo;ai utilis\u00e9 la \u00ab\u00a0machine \u00e0 changer\u00a0\u00bb, un protocole merveilleux que je vous ferai volontiers connaitre dans une prochaine vid\u00e9o . Tant de choses sont possibles quand on les d\u00e9sire fort .<\/p>\n\n\n\n<p>Aujourd&rsquo;hui, j&rsquo;exerce avec bonheur et succ\u00e8s mon activit\u00e9 en cabinet (Ne soyez pas choqu\u00e9s par ce manque apparent de modestie. En effet,&nbsp; je pense que modestie, humilit\u00e9, effacement de soi quand ils fr\u00f4lent le d\u00e9samour de sa propre personne sont des croyances limitantes dont on peut se d\u00e9faire facilement gr\u00e2ce \u00e0 l&rsquo;hypnose sans pour autant sombrer dans l&rsquo;arrogance).<\/p>\n\n\n\n<p>Publier sur&nbsp; ce site, r\u00e9guli\u00e8rement, c&rsquo;est aussi me mettre en coh\u00e9rence avec mes valeurs en partageant avec tout ceux qui en ont envie et besoin.<\/p>\n\n\n\n<p>Soyez bien, ouvrez la porte du changement.<\/p>\n\n\n\n<div class=\"wp-block-media-text alignwide is-stacked-on-mobile\"><figure class=\"wp-block-media-text__media\"><video controls src=\"http:\/\/nathaliecopinhypnosechalon.fr\/wp-content\/uploads\/2019\/07\/JE-ME-PRESENTE-DV.mp4\"><\/video><\/figure><div class=\"wp-block-media-text__content\">\n<p class=\"has-large-font-size\"><\/p>\n<\/div><\/div>\n","protected":false},"excerpt":{"rendered":"<p>Bonjour, Th\u00e9rapies&nbsp;br\u00e8ves&nbsp;en&nbsp;g\u00e9n\u00e9ral&nbsp;et&nbsp;hypnose&nbsp;en&nbsp;particulier&nbsp;ont le vent en poupe, spectacle, m\u00e9diatisation dans les blocs op\u00e9ratoire, articles nombreux sur ses bienfaits&#8230; C&rsquo;est tant mieux car avec sa proche cousine la PNL (programmation neuro-lingusitique) , et le DNR, ce sont des outils formidables. Pour moi, praticienne, c&rsquo;est avant tout un lien humain, de confiance, c&rsquo;est pourquoi je tiens \u00e0 me [&hellip;]<\/p>\n","protected":false},"author":1,"featured_media":0,"parent":0,"menu_order":0,"comment_status":"closed","ping_status":"closed","template":"","meta":{"footnotes":""},"yoast_head":"<!-- This site is optimized with the Yoast SEO plugin v23.5 - https:\/\/yoast.com\/wordpress\/plugins\/seo\/ -->\n<title>Nathalie Copin | Hypnose et th\u00e9rapies br\u00e8ves<\/title>\n<meta name=\"description\" content=\"Alors je me suis form\u00e9e, bien et longtemps car je suis d&#039;un naturel perfectionniste. Je me suis appliqu\u00e9e \u00e0 hypnotiser d&#039;abord mes proches ...\" \/>\n<meta name=\"robots\" content=\"index, follow, max-snippet:-1, max-image-preview:large, max-video-preview:-1\" \/>\n<link rel=\"canonical\" href=\"https:\/\/nathaliecopinhypnosechalon.fr\/index.php\/qui-suis-je\/\" \/>\n<meta property=\"og:locale\" content=\"fr_FR\" \/>\n<meta property=\"og:type\" content=\"article\" \/>\n<meta property=\"og:title\" content=\"Nathalie Copin | Hypnose et th\u00e9rapies br\u00e8ves\" \/>\n<meta property=\"og:description\" content=\"Alors je me suis form\u00e9e, bien et longtemps car je suis d&#039;un naturel perfectionniste. Je me suis appliqu\u00e9e \u00e0 hypnotiser d&#039;abord mes proches ...\" \/>\n<meta property=\"og:url\" content=\"https:\/\/nathaliecopinhypnosechalon.fr\/index.php\/qui-suis-je\/\" \/>\n<meta property=\"og:site_name\" content=\"Hypnose et th\u00e9rapies br\u00e8ves\" \/>\n<meta property=\"article:publisher\" content=\"https:\/\/www.facebook.com\/hypnose.chalon.sur.saone\/\" \/>\n<meta property=\"article:modified_time\" content=\"2021-06-23T14:44:33+00:00\" \/>\n<meta name=\"twitter:card\" content=\"summary_large_image\" \/>\n<meta name=\"twitter:label1\" content=\"Dur\u00e9e de lecture estim\u00e9e\" \/>\n\t<meta name=\"twitter:data1\" content=\"2 minutes\" \/>\n<script type=\"application\/ld+json\" class=\"yoast-schema-graph\">{\"@context\":\"https:\/\/schema.org\",\"@graph\":[{\"@type\":\"WebPage\",\"@id\":\"https:\/\/nathaliecopinhypnosechalon.fr\/index.php\/qui-suis-je\/\",\"url\":\"https:\/\/nathaliecopinhypnosechalon.fr\/index.php\/qui-suis-je\/\",\"name\":\"Nathalie Copin | Hypnose et th\u00e9rapies br\u00e8ves\",\"isPartOf\":{\"@id\":\"https:\/\/nathaliecopinhypnosechalon.fr\/#website\"},\"datePublished\":\"2017-06-05T16:03:19+00:00\",\"dateModified\":\"2021-06-23T14:44:33+00:00\",\"description\":\"Alors je me suis form\u00e9e, bien et longtemps car je suis d'un naturel perfectionniste. Je me suis appliqu\u00e9e \u00e0 hypnotiser d'abord mes proches ...\",\"breadcrumb\":{\"@id\":\"https:\/\/nathaliecopinhypnosechalon.fr\/index.php\/qui-suis-je\/#breadcrumb\"},\"inLanguage\":\"fr-FR\",\"potentialAction\":[{\"@type\":\"ReadAction\",\"target\":[\"https:\/\/nathaliecopinhypnosechalon.fr\/index.php\/qui-suis-je\/\"]}]},{\"@type\":\"BreadcrumbList\",\"@id\":\"https:\/\/nathaliecopinhypnosechalon.fr\/index.php\/qui-suis-je\/#breadcrumb\",\"itemListElement\":[{\"@type\":\"ListItem\",\"position\":1,\"name\":\"Accueil\",\"item\":\"https:\/\/nathaliecopinhypnosechalon.fr\/\"},{\"@type\":\"ListItem\",\"position\":2,\"name\":\"Qui suis-je?\"}]},{\"@type\":\"WebSite\",\"@id\":\"https:\/\/nathaliecopinhypnosechalon.fr\/#website\",\"url\":\"https:\/\/nathaliecopinhypnosechalon.fr\/\",\"name\":\"Hypnose et th\u00e9rapies br\u00e8ves\",\"description\":\"Soyez bien, simplement\",\"publisher\":{\"@id\":\"https:\/\/nathaliecopinhypnosechalon.fr\/#\/schema\/person\/f445a33ca84b3d1cd3694ae243e8f500\"},\"potentialAction\":[{\"@type\":\"SearchAction\",\"target\":{\"@type\":\"EntryPoint\",\"urlTemplate\":\"https:\/\/nathaliecopinhypnosechalon.fr\/?s={search_term_string}\"},\"query-input\":{\"@type\":\"PropertyValueSpecification\",\"valueRequired\":true,\"valueName\":\"search_term_string\"}}],\"inLanguage\":\"fr-FR\"},{\"@type\":[\"Person\",\"Organization\"],\"@id\":\"https:\/\/nathaliecopinhypnosechalon.fr\/#\/schema\/person\/f445a33ca84b3d1cd3694ae243e8f500\",\"name\":\"Nathalie Copin\",\"image\":{\"@type\":\"ImageObject\",\"inLanguage\":\"fr-FR\",\"@id\":\"https:\/\/nathaliecopinhypnosechalon.fr\/#\/schema\/person\/image\/\",\"url\":\"https:\/\/secure.gravatar.com\/avatar\/3cb492c8ea2c5179fe5740e2c6111bc2?s=96&d=mm&r=g\",\"contentUrl\":\"https:\/\/secure.gravatar.com\/avatar\/3cb492c8ea2c5179fe5740e2c6111bc2?s=96&d=mm&r=g\",\"caption\":\"Nathalie Copin\"},\"logo\":{\"@id\":\"https:\/\/nathaliecopinhypnosechalon.fr\/#\/schema\/person\/image\/\"},\"sameAs\":[\"https:\/\/nathaliecopinhypnosechalon.fr\/\",\"https:\/\/www.facebook.com\/hypnose.chalon.sur.saone\/\",\"https:\/\/www.youtube.com\/channel\/UC6MzQg6N2SzBxmVIVb4FJTQ\"]}]}<\/script>\n<!-- \/ Yoast SEO plugin. -->","yoast_head_json":{"title":"Nathalie Copin | Hypnose et th\u00e9rapies br\u00e8ves","description":"Alors je me suis form\u00e9e, bien et longtemps car je suis d'un naturel perfectionniste. Je me suis appliqu\u00e9e \u00e0 hypnotiser d'abord mes proches ...","robots":{"index":"index","follow":"follow","max-snippet":"max-snippet:-1","max-image-preview":"max-image-preview:large","max-video-preview":"max-video-preview:-1"},"canonical":"https:\/\/nathaliecopinhypnosechalon.fr\/index.php\/qui-suis-je\/","og_locale":"fr_FR","og_type":"article","og_title":"Nathalie Copin | Hypnose et th\u00e9rapies br\u00e8ves","og_description":"Alors je me suis form\u00e9e, bien et longtemps car je suis d'un naturel perfectionniste. Je me suis appliqu\u00e9e \u00e0 hypnotiser d'abord mes proches ...","og_url":"https:\/\/nathaliecopinhypnosechalon.fr\/index.php\/qui-suis-je\/","og_site_name":"Hypnose et th\u00e9rapies br\u00e8ves","article_publisher":"https:\/\/www.facebook.com\/hypnose.chalon.sur.saone\/","article_modified_time":"2021-06-23T14:44:33+00:00","twitter_card":"summary_large_image","twitter_misc":{"Dur\u00e9e de lecture estim\u00e9e":"2 minutes"},"schema":{"@context":"https:\/\/schema.org","@graph":[{"@type":"WebPage","@id":"https:\/\/nathaliecopinhypnosechalon.fr\/index.php\/qui-suis-je\/","url":"https:\/\/nathaliecopinhypnosechalon.fr\/index.php\/qui-suis-je\/","name":"Nathalie Copin | Hypnose et th\u00e9rapies br\u00e8ves","isPartOf":{"@id":"https:\/\/nathaliecopinhypnosechalon.fr\/#website"},"datePublished":"2017-06-05T16:03:19+00:00","dateModified":"2021-06-23T14:44:33+00:00","description":"Alors je me suis form\u00e9e, bien et longtemps car je suis d'un naturel perfectionniste. Je me suis appliqu\u00e9e \u00e0 hypnotiser d'abord mes proches ...","breadcrumb":{"@id":"https:\/\/nathaliecopinhypnosechalon.fr\/index.php\/qui-suis-je\/#breadcrumb"},"inLanguage":"fr-FR","potentialAction":[{"@type":"ReadAction","target":["https:\/\/nathaliecopinhypnosechalon.fr\/index.php\/qui-suis-je\/"]}]},{"@type":"BreadcrumbList","@id":"https:\/\/nathaliecopinhypnosechalon.fr\/index.php\/qui-suis-je\/#breadcrumb","itemListElement":[{"@type":"ListItem","position":1,"name":"Accueil","item":"https:\/\/nathaliecopinhypnosechalon.fr\/"},{"@type":"ListItem","position":2,"name":"Qui suis-je?"}]},{"@type":"WebSite","@id":"https:\/\/nathaliecopinhypnosechalon.fr\/#website","url":"https:\/\/nathaliecopinhypnosechalon.fr\/","name":"Hypnose et th\u00e9rapies br\u00e8ves","description":"Soyez bien, simplement","publisher":{"@id":"https:\/\/nathaliecopinhypnosechalon.fr\/#\/schema\/person\/f445a33ca84b3d1cd3694ae243e8f500"},"potentialAction":[{"@type":"SearchAction","target":{"@type":"EntryPoint","urlTemplate":"https:\/\/nathaliecopinhypnosechalon.fr\/?s={search_term_string}"},"query-input":{"@type":"PropertyValueSpecification","valueRequired":true,"valueName":"search_term_string"}}],"inLanguage":"fr-FR"},{"@type":["Person","Organization"],"@id":"https:\/\/nathaliecopinhypnosechalon.fr\/#\/schema\/person\/f445a33ca84b3d1cd3694ae243e8f500","name":"Nathalie Copin","image":{"@type":"ImageObject","inLanguage":"fr-FR","@id":"https:\/\/nathaliecopinhypnosechalon.fr\/#\/schema\/person\/image\/","url":"https:\/\/secure.gravatar.com\/avatar\/3cb492c8ea2c5179fe5740e2c6111bc2?s=96&d=mm&r=g","contentUrl":"https:\/\/secure.gravatar.com\/avatar\/3cb492c8ea2c5179fe5740e2c6111bc2?s=96&d=mm&r=g","caption":"Nathalie Copin"},"logo":{"@id":"https:\/\/nathaliecopinhypnosechalon.fr\/#\/schema\/person\/image\/"},"sameAs":["https:\/\/nathaliecopinhypnosechalon.fr\/","https:\/\/www.facebook.com\/hypnose.chalon.sur.saone\/","https:\/\/www.youtube.com\/channel\/UC6MzQg6N2SzBxmVIVb4FJTQ"]}]}},"_links":{"self":[{"href":"https:\/\/nathaliecopinhypnosechalon.fr\/index.php\/wp-json\/wp\/v2\/pages\/20"}],"collection":[{"href":"https:\/\/nathaliecopinhypnosechalon.fr\/index.php\/wp-json\/wp\/v2\/pages"}],"about":[{"href":"https:\/\/nathaliecopinhypnosechalon.fr\/index.php\/wp-json\/wp\/v2\/types\/page"}],"author":[{"embeddable":true,"href":"https:\/\/nathaliecopinhypnosechalon.fr\/index.php\/wp-json\/wp\/v2\/users\/1"}],"replies":[{"embeddable":true,"href":"https:\/\/nathaliecopinhypnosechalon.fr\/index.php\/wp-json\/wp\/v2\/comments?post=20"}],"version-history":[{"count":5,"href":"https:\/\/nathaliecopinhypnosechalon.fr\/index.php\/wp-json\/wp\/v2\/pages\/20\/revisions"}],"predecessor-version":[{"id":409,"href":"https:\/\/nathaliecopinhypnosechalon.fr\/index.php\/wp-json\/wp\/v2\/pages\/20\/revisions\/409"}],"wp:attachment":[{"href":"https:\/\/nathaliecopinhypnosechalon.fr\/index.php\/wp-json\/wp\/v2\/media?parent=20"}],"curies":[{"name":"wp","href":"https:\/\/api.w.org\/{rel}","templated":true}]}}