{"id":223,"date":"2018-07-01T20:35:09","date_gmt":"2018-07-01T18:35:09","guid":{"rendered":"http:\/\/nathaliecopinhypnosechalon.fr\/?page_id=223"},"modified":"2021-06-23T17:06:25","modified_gmt":"2021-06-23T15:06:25","slug":"temoignages","status":"publish","type":"page","link":"https:\/\/nathaliecopinhypnosechalon.fr\/index.php\/temoignages\/","title":{"rendered":"Quelques t\u00e9moignages"},"content":{"rendered":"\n<p>Retrouvez sur la page <a rel=\"noreferrer noopener\" aria-label=\"expertise tabac (s\u2019ouvre dans un nouvel onglet)\" href=\"http:\/\/nathaliecopinhypnosechalon.fr\/index.php\/expertise-tabac\/\" target=\"_blank\">expertise tabac<\/a> le t\u00e9moignage en vid\u00e9o de Bruno Perrin, non fumeur depuis 2 ans<\/p>\n\n\n\n<p>Le t\u00e9moignage de Mme Magnien en commentaire de l&rsquo;article <a rel=\"noreferrer noopener\" aria-label=\"blessures d'enfance (s\u2019ouvre dans un nouvel onglet)\" href=\"http:\/\/nathaliecopinhypnosechalon.fr\/index.php\/2019\/07\/11\/blessures-denfance\/#comments\" target=\"_blank\">blessures d&rsquo;enfance<\/a> .<\/p>\n\n\n\n<p>Ci-dessous, des t\u00e9moignages que vous retrouverez sur google<\/p>\n\n\n\n<figure class=\"wp-block-image\"><img loading=\"lazy\" decoding=\"async\" width=\"654\" height=\"262\" src=\"http:\/\/nathaliecopinhypnosechalon.fr\/wp-content\/uploads\/2020\/05\/image.png\" alt=\"\" class=\"wp-image-323\" srcset=\"https:\/\/nathaliecopinhypnosechalon.fr\/wp-content\/uploads\/2020\/05\/image.png 654w, https:\/\/nathaliecopinhypnosechalon.fr\/wp-content\/uploads\/2020\/05\/image-300x120.png 300w\" sizes=\"(max-width: 654px) 100vw, 654px\" \/><\/figure>\n\n\n\n<figure class=\"wp-block-image\"><img loading=\"lazy\" decoding=\"async\" width=\"517\" height=\"242\" src=\"http:\/\/nathaliecopinhypnosechalon.fr\/wp-content\/uploads\/2020\/05\/image-1.png\" alt=\"\" class=\"wp-image-324\" srcset=\"https:\/\/nathaliecopinhypnosechalon.fr\/wp-content\/uploads\/2020\/05\/image-1.png 517w, https:\/\/nathaliecopinhypnosechalon.fr\/wp-content\/uploads\/2020\/05\/image-1-300x140.png 300w\" sizes=\"(max-width: 517px) 100vw, 517px\" \/><\/figure>\n\n\n\n<p>Ci-dessous, Des t\u00e9moignages autoris\u00e9s qui arrivent sur ma boite mail.<\/p>\n\n\n\n<figure class=\"wp-block-image\"><img loading=\"lazy\" decoding=\"async\" width=\"677\" height=\"539\" src=\"http:\/\/nathaliecopinhypnosechalon.fr\/wp-content\/uploads\/2019\/07\/4-temoignages-1.png\" alt=\"Quelques t\u00e9moignages recueillis au cours des ann\u00e9es.\" class=\"wp-image-255\" srcset=\"https:\/\/nathaliecopinhypnosechalon.fr\/wp-content\/uploads\/2019\/07\/4-temoignages-1.png 677w, https:\/\/nathaliecopinhypnosechalon.fr\/wp-content\/uploads\/2019\/07\/4-temoignages-1-300x239.png 300w, https:\/\/nathaliecopinhypnosechalon.fr\/wp-content\/uploads\/2019\/07\/4-temoignages-1-676x538.png 676w\" sizes=\"(max-width: 677px) 100vw, 677px\" \/><\/figure>\n\n\n\n<figure class=\"wp-block-image\"><img loading=\"lazy\" decoding=\"async\" width=\"675\" height=\"534\" src=\"http:\/\/nathaliecopinhypnosechalon.fr\/wp-content\/uploads\/2019\/07\/3-TEMOIGNAGES.png\" alt=\"\" class=\"wp-image-256\" srcset=\"https:\/\/nathaliecopinhypnosechalon.fr\/wp-content\/uploads\/2019\/07\/3-TEMOIGNAGES.png 675w, https:\/\/nathaliecopinhypnosechalon.fr\/wp-content\/uploads\/2019\/07\/3-TEMOIGNAGES-300x237.png 300w\" sizes=\"(max-width: 675px) 100vw, 675px\" \/><\/figure>\n","protected":false},"excerpt":{"rendered":"<p>Retrouvez sur la page expertise tabac le t\u00e9moignage en vid\u00e9o de Bruno Perrin, non fumeur depuis 2 ans Le t\u00e9moignage de Mme Magnien en commentaire de l&rsquo;article blessures d&rsquo;enfance . Ci-dessous, des t\u00e9moignages que vous retrouverez sur google Ci-dessous, Des t\u00e9moignages autoris\u00e9s qui arrivent sur ma boite mail.<\/p>\n","protected":false},"author":1,"featured_media":0,"parent":0,"menu_order":0,"comment_status":"closed","ping_status":"closed","template":"","meta":{"footnotes":""},"yoast_head":"<!-- This site is optimized with the Yoast SEO plugin v23.5 - https:\/\/yoast.com\/wordpress\/plugins\/seo\/ -->\n<title>Quelques t\u00e9moignages | Hypnose et th\u00e9rapies br\u00e8ves<\/title>\n<meta name=\"description\" content=\"Retrouvez sur la page expertise tabac le t\u00e9moignage en vid\u00e9o de Bruno Perrin, non fumeur depuis 2 ans. Le t\u00e9moignage de Mme Magnien...\" \/>\n<meta name=\"robots\" content=\"index, follow, max-snippet:-1, max-image-preview:large, max-video-preview:-1\" \/>\n<link rel=\"canonical\" href=\"https:\/\/nathaliecopinhypnosechalon.fr\/index.php\/temoignages\/\" \/>\n<meta property=\"og:locale\" content=\"fr_FR\" \/>\n<meta property=\"og:type\" content=\"article\" \/>\n<meta property=\"og:title\" content=\"Quelques t\u00e9moignages | Hypnose et th\u00e9rapies br\u00e8ves\" \/>\n<meta property=\"og:description\" content=\"Retrouvez sur la page expertise tabac le t\u00e9moignage en vid\u00e9o de Bruno Perrin, non fumeur depuis 2 ans. Le t\u00e9moignage de Mme Magnien...\" \/>\n<meta property=\"og:url\" content=\"https:\/\/nathaliecopinhypnosechalon.fr\/index.php\/temoignages\/\" \/>\n<meta property=\"og:site_name\" content=\"Hypnose et th\u00e9rapies br\u00e8ves\" \/>\n<meta property=\"article:publisher\" content=\"https:\/\/www.facebook.com\/hypnose.chalon.sur.saone\/\" \/>\n<meta property=\"article:modified_time\" content=\"2021-06-23T15:06:25+00:00\" \/>\n<meta property=\"og:image\" content=\"http:\/\/nathaliecopinhypnosechalon.fr\/wp-content\/uploads\/2020\/05\/image.png\" \/>\n<meta name=\"twitter:card\" content=\"summary_large_image\" \/>\n<meta name=\"twitter:label1\" content=\"Dur\u00e9e de lecture estim\u00e9e\" \/>\n\t<meta name=\"twitter:data1\" content=\"2 minutes\" \/>\n<script type=\"application\/ld+json\" class=\"yoast-schema-graph\">{\"@context\":\"https:\/\/schema.org\",\"@graph\":[{\"@type\":\"WebPage\",\"@id\":\"https:\/\/nathaliecopinhypnosechalon.fr\/index.php\/temoignages\/\",\"url\":\"https:\/\/nathaliecopinhypnosechalon.fr\/index.php\/temoignages\/\",\"name\":\"Quelques t\u00e9moignages | Hypnose et th\u00e9rapies br\u00e8ves\",\"isPartOf\":{\"@id\":\"https:\/\/nathaliecopinhypnosechalon.fr\/#website\"},\"primaryImageOfPage\":{\"@id\":\"https:\/\/nathaliecopinhypnosechalon.fr\/index.php\/temoignages\/#primaryimage\"},\"image\":{\"@id\":\"https:\/\/nathaliecopinhypnosechalon.fr\/index.php\/temoignages\/#primaryimage\"},\"thumbnailUrl\":\"http:\/\/nathaliecopinhypnosechalon.fr\/wp-content\/uploads\/2020\/05\/image.png\",\"datePublished\":\"2018-07-01T18:35:09+00:00\",\"dateModified\":\"2021-06-23T15:06:25+00:00\",\"description\":\"Retrouvez sur la page expertise tabac le t\u00e9moignage en vid\u00e9o de Bruno Perrin, non fumeur depuis 2 ans. Le t\u00e9moignage de Mme Magnien...\",\"breadcrumb\":{\"@id\":\"https:\/\/nathaliecopinhypnosechalon.fr\/index.php\/temoignages\/#breadcrumb\"},\"inLanguage\":\"fr-FR\",\"potentialAction\":[{\"@type\":\"ReadAction\",\"target\":[\"https:\/\/nathaliecopinhypnosechalon.fr\/index.php\/temoignages\/\"]}]},{\"@type\":\"ImageObject\",\"inLanguage\":\"fr-FR\",\"@id\":\"https:\/\/nathaliecopinhypnosechalon.fr\/index.php\/temoignages\/#primaryimage\",\"url\":\"https:\/\/nathaliecopinhypnosechalon.fr\/wp-content\/uploads\/2020\/05\/image.png\",\"contentUrl\":\"https:\/\/nathaliecopinhypnosechalon.fr\/wp-content\/uploads\/2020\/05\/image.png\",\"width\":654,\"height\":262},{\"@type\":\"BreadcrumbList\",\"@id\":\"https:\/\/nathaliecopinhypnosechalon.fr\/index.php\/temoignages\/#breadcrumb\",\"itemListElement\":[{\"@type\":\"ListItem\",\"position\":1,\"name\":\"Accueil\",\"item\":\"https:\/\/nathaliecopinhypnosechalon.fr\/\"},{\"@type\":\"ListItem\",\"position\":2,\"name\":\"Quelques t\u00e9moignages\"}]},{\"@type\":\"WebSite\",\"@id\":\"https:\/\/nathaliecopinhypnosechalon.fr\/#website\",\"url\":\"https:\/\/nathaliecopinhypnosechalon.fr\/\",\"name\":\"Hypnose et th\u00e9rapies br\u00e8ves\",\"description\":\"Soyez bien, simplement\",\"publisher\":{\"@id\":\"https:\/\/nathaliecopinhypnosechalon.fr\/#\/schema\/person\/f445a33ca84b3d1cd3694ae243e8f500\"},\"potentialAction\":[{\"@type\":\"SearchAction\",\"target\":{\"@type\":\"EntryPoint\",\"urlTemplate\":\"https:\/\/nathaliecopinhypnosechalon.fr\/?s={search_term_string}\"},\"query-input\":{\"@type\":\"PropertyValueSpecification\",\"valueRequired\":true,\"valueName\":\"search_term_string\"}}],\"inLanguage\":\"fr-FR\"},{\"@type\":[\"Person\",\"Organization\"],\"@id\":\"https:\/\/nathaliecopinhypnosechalon.fr\/#\/schema\/person\/f445a33ca84b3d1cd3694ae243e8f500\",\"name\":\"Nathalie Copin\",\"image\":{\"@type\":\"ImageObject\",\"inLanguage\":\"fr-FR\",\"@id\":\"https:\/\/nathaliecopinhypnosechalon.fr\/#\/schema\/person\/image\/\",\"url\":\"https:\/\/secure.gravatar.com\/avatar\/3cb492c8ea2c5179fe5740e2c6111bc2?s=96&d=mm&r=g\",\"contentUrl\":\"https:\/\/secure.gravatar.com\/avatar\/3cb492c8ea2c5179fe5740e2c6111bc2?s=96&d=mm&r=g\",\"caption\":\"Nathalie Copin\"},\"logo\":{\"@id\":\"https:\/\/nathaliecopinhypnosechalon.fr\/#\/schema\/person\/image\/\"},\"sameAs\":[\"https:\/\/nathaliecopinhypnosechalon.fr\/\",\"https:\/\/www.facebook.com\/hypnose.chalon.sur.saone\/\",\"https:\/\/www.youtube.com\/channel\/UC6MzQg6N2SzBxmVIVb4FJTQ\"]}]}<\/script>\n<!-- \/ Yoast SEO plugin. -->","yoast_head_json":{"title":"Quelques t\u00e9moignages | Hypnose et th\u00e9rapies br\u00e8ves","description":"Retrouvez sur la page expertise tabac le t\u00e9moignage en vid\u00e9o de Bruno Perrin, non fumeur depuis 2 ans. Le t\u00e9moignage de Mme Magnien...","robots":{"index":"index","follow":"follow","max-snippet":"max-snippet:-1","max-image-preview":"max-image-preview:large","max-video-preview":"max-video-preview:-1"},"canonical":"https:\/\/nathaliecopinhypnosechalon.fr\/index.php\/temoignages\/","og_locale":"fr_FR","og_type":"article","og_title":"Quelques t\u00e9moignages | Hypnose et th\u00e9rapies br\u00e8ves","og_description":"Retrouvez sur la page expertise tabac le t\u00e9moignage en vid\u00e9o de Bruno Perrin, non fumeur depuis 2 ans. Le t\u00e9moignage de Mme Magnien...","og_url":"https:\/\/nathaliecopinhypnosechalon.fr\/index.php\/temoignages\/","og_site_name":"Hypnose et th\u00e9rapies br\u00e8ves","article_publisher":"https:\/\/www.facebook.com\/hypnose.chalon.sur.saone\/","article_modified_time":"2021-06-23T15:06:25+00:00","og_image":[{"url":"http:\/\/nathaliecopinhypnosechalon.fr\/wp-content\/uploads\/2020\/05\/image.png"}],"twitter_card":"summary_large_image","twitter_misc":{"Dur\u00e9e de lecture estim\u00e9e":"2 minutes"},"schema":{"@context":"https:\/\/schema.org","@graph":[{"@type":"WebPage","@id":"https:\/\/nathaliecopinhypnosechalon.fr\/index.php\/temoignages\/","url":"https:\/\/nathaliecopinhypnosechalon.fr\/index.php\/temoignages\/","name":"Quelques t\u00e9moignages | Hypnose et th\u00e9rapies br\u00e8ves","isPartOf":{"@id":"https:\/\/nathaliecopinhypnosechalon.fr\/#website"},"primaryImageOfPage":{"@id":"https:\/\/nathaliecopinhypnosechalon.fr\/index.php\/temoignages\/#primaryimage"},"image":{"@id":"https:\/\/nathaliecopinhypnosechalon.fr\/index.php\/temoignages\/#primaryimage"},"thumbnailUrl":"http:\/\/nathaliecopinhypnosechalon.fr\/wp-content\/uploads\/2020\/05\/image.png","datePublished":"2018-07-01T18:35:09+00:00","dateModified":"2021-06-23T15:06:25+00:00","description":"Retrouvez sur la page expertise tabac le t\u00e9moignage en vid\u00e9o de Bruno Perrin, non fumeur depuis 2 ans. Le t\u00e9moignage de Mme Magnien...","breadcrumb":{"@id":"https:\/\/nathaliecopinhypnosechalon.fr\/index.php\/temoignages\/#breadcrumb"},"inLanguage":"fr-FR","potentialAction":[{"@type":"ReadAction","target":["https:\/\/nathaliecopinhypnosechalon.fr\/index.php\/temoignages\/"]}]},{"@type":"ImageObject","inLanguage":"fr-FR","@id":"https:\/\/nathaliecopinhypnosechalon.fr\/index.php\/temoignages\/#primaryimage","url":"https:\/\/nathaliecopinhypnosechalon.fr\/wp-content\/uploads\/2020\/05\/image.png","contentUrl":"https:\/\/nathaliecopinhypnosechalon.fr\/wp-content\/uploads\/2020\/05\/image.png","width":654,"height":262},{"@type":"BreadcrumbList","@id":"https:\/\/nathaliecopinhypnosechalon.fr\/index.php\/temoignages\/#breadcrumb","itemListElement":[{"@type":"ListItem","position":1,"name":"Accueil","item":"https:\/\/nathaliecopinhypnosechalon.fr\/"},{"@type":"ListItem","position":2,"name":"Quelques t\u00e9moignages"}]},{"@type":"WebSite","@id":"https:\/\/nathaliecopinhypnosechalon.fr\/#website","url":"https:\/\/nathaliecopinhypnosechalon.fr\/","name":"Hypnose et th\u00e9rapies br\u00e8ves","description":"Soyez bien, simplement","publisher":{"@id":"https:\/\/nathaliecopinhypnosechalon.fr\/#\/schema\/person\/f445a33ca84b3d1cd3694ae243e8f500"},"potentialAction":[{"@type":"SearchAction","target":{"@type":"EntryPoint","urlTemplate":"https:\/\/nathaliecopinhypnosechalon.fr\/?s={search_term_string}"},"query-input":{"@type":"PropertyValueSpecification","valueRequired":true,"valueName":"search_term_string"}}],"inLanguage":"fr-FR"},{"@type":["Person","Organization"],"@id":"https:\/\/nathaliecopinhypnosechalon.fr\/#\/schema\/person\/f445a33ca84b3d1cd3694ae243e8f500","name":"Nathalie Copin","image":{"@type":"ImageObject","inLanguage":"fr-FR","@id":"https:\/\/nathaliecopinhypnosechalon.fr\/#\/schema\/person\/image\/","url":"https:\/\/secure.gravatar.com\/avatar\/3cb492c8ea2c5179fe5740e2c6111bc2?s=96&d=mm&r=g","contentUrl":"https:\/\/secure.gravatar.com\/avatar\/3cb492c8ea2c5179fe5740e2c6111bc2?s=96&d=mm&r=g","caption":"Nathalie Copin"},"logo":{"@id":"https:\/\/nathaliecopinhypnosechalon.fr\/#\/schema\/person\/image\/"},"sameAs":["https:\/\/nathaliecopinhypnosechalon.fr\/","https:\/\/www.facebook.com\/hypnose.chalon.sur.saone\/","https:\/\/www.youtube.com\/channel\/UC6MzQg6N2SzBxmVIVb4FJTQ"]}]}},"_links":{"self":[{"href":"https:\/\/nathaliecopinhypnosechalon.fr\/index.php\/wp-json\/wp\/v2\/pages\/223"}],"collection":[{"href":"https:\/\/nathaliecopinhypnosechalon.fr\/index.php\/wp-json\/wp\/v2\/pages"}],"about":[{"href":"https:\/\/nathaliecopinhypnosechalon.fr\/index.php\/wp-json\/wp\/v2\/types\/page"}],"author":[{"embeddable":true,"href":"https:\/\/nathaliecopinhypnosechalon.fr\/index.php\/wp-json\/wp\/v2\/users\/1"}],"replies":[{"embeddable":true,"href":"https:\/\/nathaliecopinhypnosechalon.fr\/index.php\/wp-json\/wp\/v2\/comments?post=223"}],"version-history":[{"count":10,"href":"https:\/\/nathaliecopinhypnosechalon.fr\/index.php\/wp-json\/wp\/v2\/pages\/223\/revisions"}],"predecessor-version":[{"id":326,"href":"https:\/\/nathaliecopinhypnosechalon.fr\/index.php\/wp-json\/wp\/v2\/pages\/223\/revisions\/326"}],"wp:attachment":[{"href":"https:\/\/nathaliecopinhypnosechalon.fr\/index.php\/wp-json\/wp\/v2\/media?parent=223"}],"curies":[{"name":"wp","href":"https:\/\/api.w.org\/{rel}","templated":true}]}}