{"id":26,"date":"2016-06-12T18:29:55","date_gmt":"2016-06-12T16:29:55","guid":{"rendered":"http:\/\/nathaliecopinhypnosechalon.fr\/?page_id=26"},"modified":"2021-06-23T17:04:14","modified_gmt":"2021-06-23T15:04:14","slug":"lhypnose-pour-quoi-faire","status":"publish","type":"page","link":"https:\/\/nathaliecopinhypnosechalon.fr\/index.php\/lhypnose-pour-quoi-faire\/","title":{"rendered":"L&rsquo;hypnose, pour quoi faire?"},"content":{"rendered":"\n<p>Les indications de l&rsquo;hypnose sont tr\u00e8s nombreuses, je dirais m\u00eame infinies.<\/p>\n\n\n\n<p>On peut les classer par grands objectifs, et la liste n&rsquo;est pas exhaustive<\/p>\n\n\n\n<ul><li><strong>D\u00e9veloppement personnel:<\/strong><\/li><\/ul>\n\n\n\n<p>-Am\u00e9liorer sa confiance en soi<\/p>\n\n\n\n<p>-Devenir ami avec soi-m\u00eame (pour citer l&rsquo;expression heureuse d&rsquo;une personne que j&rsquo;ai accompagn\u00e9e)<\/p>\n\n\n\n<p>-Donner du sens \u00e0 sa vie<\/p>\n\n\n\n<p>-Am\u00e9liorer&nbsp; la qualit\u00e9 de ses relations (\u00e0 soi-m\u00eame et aux autres)<\/p>\n\n\n\n<ul><li><strong>Changer des comportements d\u00e9l\u00e9t\u00e8res<\/strong><\/li><\/ul>\n\n\n\n<p>-Arr\u00eater de fumer<\/p>\n\n\n\n<p>-Modifier son comportement alimentaire<\/p>\n\n\n\n<p>-Se motiver au changement<\/p>\n\n\n\n<p>-Supprimer une phobie<\/p>\n\n\n\n<ul><li><strong>Am\u00e9liorer ses potentialit\u00e9s<\/strong><\/li><\/ul>\n\n\n\n<p>-Pr\u00e9parer un examen, un permis de conduire<\/p>\n\n\n\n<p>-Se concentrer plus efficacement<\/p>\n\n\n\n<p>-Futuriser un projet<\/p>\n\n\n\n<p>-D\u00e9velopper sa cr\u00e9ativit\u00e9<\/p>\n\n\n\n<ul><li><strong>Traiter des probl\u00e8mes de sant\u00e9:<\/strong><\/li><\/ul>\n\n\n\n<p>-Troubles psychosomatiques: ecz\u00e9ma, maux de t\u00eates r\u00e9currents, douleurs dorsales&#8230;<\/p>\n\n\n\n<p>-Troubles fonctionnels: \u00e9nur\u00e9sie, insomnie&#8230;<\/p>\n\n\n\n<p>-Troubles psychologiques, \u00e9ventuellement en compl\u00e9ment d&rsquo;un suivi m\u00e9dical: d\u00e9pression, d\u00e9pendances, angoisses, anxi\u00e9t\u00e9 sociale, troubles alimentaires<\/p>\n\n\n\n<p>-Douleurs<\/p>\n\n\n\n<ul><li><strong>Traiter des traumatismes<\/strong><\/li><\/ul>\n","protected":false},"excerpt":{"rendered":"<p>Les indications de l&rsquo;hypnose sont tr\u00e8s nombreuses, je dirais m\u00eame infinies. On peut les classer par grands objectifs, et la liste n&rsquo;est pas exhaustive D\u00e9veloppement personnel: -Am\u00e9liorer sa confiance en soi -Devenir ami avec soi-m\u00eame (pour citer l&rsquo;expression heureuse d&rsquo;une personne que j&rsquo;ai accompagn\u00e9e) -Donner du sens \u00e0 sa vie -Am\u00e9liorer&nbsp; la qualit\u00e9 de ses [&hellip;]<\/p>\n","protected":false},"author":1,"featured_media":0,"parent":0,"menu_order":0,"comment_status":"closed","ping_status":"closed","template":"","meta":{"footnotes":""},"yoast_head":"<!-- This site is optimized with the Yoast SEO plugin v23.5 - https:\/\/yoast.com\/wordpress\/plugins\/seo\/ -->\n<title>L&#039;hypnose, pour quoi faire? | Hypnose et th\u00e9rapies br\u00e8ves<\/title>\n<meta name=\"description\" content=\"Les indications de l&#039;hypnose sont tr\u00e8s nombreuses, je dirais m\u00eame infinies .On peut les classer par grands objectifs, et la liste n&#039;est ...\" \/>\n<meta name=\"robots\" content=\"index, follow, max-snippet:-1, max-image-preview:large, max-video-preview:-1\" \/>\n<link rel=\"canonical\" href=\"https:\/\/nathaliecopinhypnosechalon.fr\/index.php\/lhypnose-pour-quoi-faire\/\" \/>\n<meta property=\"og:locale\" content=\"fr_FR\" \/>\n<meta property=\"og:type\" content=\"article\" \/>\n<meta property=\"og:title\" content=\"L&#039;hypnose, pour quoi faire? | Hypnose et th\u00e9rapies br\u00e8ves\" \/>\n<meta property=\"og:description\" content=\"Les indications de l&#039;hypnose sont tr\u00e8s nombreuses, je dirais m\u00eame infinies .On peut les classer par grands objectifs, et la liste n&#039;est ...\" \/>\n<meta property=\"og:url\" content=\"https:\/\/nathaliecopinhypnosechalon.fr\/index.php\/lhypnose-pour-quoi-faire\/\" \/>\n<meta property=\"og:site_name\" content=\"Hypnose et th\u00e9rapies br\u00e8ves\" \/>\n<meta property=\"article:publisher\" content=\"https:\/\/www.facebook.com\/hypnose.chalon.sur.saone\/\" \/>\n<meta property=\"article:modified_time\" content=\"2021-06-23T15:04:14+00:00\" \/>\n<meta name=\"twitter:card\" content=\"summary_large_image\" \/>\n<meta name=\"twitter:label1\" content=\"Dur\u00e9e de lecture estim\u00e9e\" \/>\n\t<meta name=\"twitter:data1\" content=\"1 minute\" \/>\n<script type=\"application\/ld+json\" class=\"yoast-schema-graph\">{\"@context\":\"https:\/\/schema.org\",\"@graph\":[{\"@type\":\"WebPage\",\"@id\":\"https:\/\/nathaliecopinhypnosechalon.fr\/index.php\/lhypnose-pour-quoi-faire\/\",\"url\":\"https:\/\/nathaliecopinhypnosechalon.fr\/index.php\/lhypnose-pour-quoi-faire\/\",\"name\":\"L'hypnose, pour quoi faire? | Hypnose et th\u00e9rapies br\u00e8ves\",\"isPartOf\":{\"@id\":\"https:\/\/nathaliecopinhypnosechalon.fr\/#website\"},\"datePublished\":\"2016-06-12T16:29:55+00:00\",\"dateModified\":\"2021-06-23T15:04:14+00:00\",\"description\":\"Les indications de l'hypnose sont tr\u00e8s nombreuses, je dirais m\u00eame infinies .On peut les classer par grands objectifs, et la liste n'est ...\",\"breadcrumb\":{\"@id\":\"https:\/\/nathaliecopinhypnosechalon.fr\/index.php\/lhypnose-pour-quoi-faire\/#breadcrumb\"},\"inLanguage\":\"fr-FR\",\"potentialAction\":[{\"@type\":\"ReadAction\",\"target\":[\"https:\/\/nathaliecopinhypnosechalon.fr\/index.php\/lhypnose-pour-quoi-faire\/\"]}]},{\"@type\":\"BreadcrumbList\",\"@id\":\"https:\/\/nathaliecopinhypnosechalon.fr\/index.php\/lhypnose-pour-quoi-faire\/#breadcrumb\",\"itemListElement\":[{\"@type\":\"ListItem\",\"position\":1,\"name\":\"Accueil\",\"item\":\"https:\/\/nathaliecopinhypnosechalon.fr\/\"},{\"@type\":\"ListItem\",\"position\":2,\"name\":\"L&rsquo;hypnose, pour quoi faire?\"}]},{\"@type\":\"WebSite\",\"@id\":\"https:\/\/nathaliecopinhypnosechalon.fr\/#website\",\"url\":\"https:\/\/nathaliecopinhypnosechalon.fr\/\",\"name\":\"Hypnose et th\u00e9rapies br\u00e8ves\",\"description\":\"Soyez bien, simplement\",\"publisher\":{\"@id\":\"https:\/\/nathaliecopinhypnosechalon.fr\/#\/schema\/person\/f445a33ca84b3d1cd3694ae243e8f500\"},\"potentialAction\":[{\"@type\":\"SearchAction\",\"target\":{\"@type\":\"EntryPoint\",\"urlTemplate\":\"https:\/\/nathaliecopinhypnosechalon.fr\/?s={search_term_string}\"},\"query-input\":{\"@type\":\"PropertyValueSpecification\",\"valueRequired\":true,\"valueName\":\"search_term_string\"}}],\"inLanguage\":\"fr-FR\"},{\"@type\":[\"Person\",\"Organization\"],\"@id\":\"https:\/\/nathaliecopinhypnosechalon.fr\/#\/schema\/person\/f445a33ca84b3d1cd3694ae243e8f500\",\"name\":\"Nathalie Copin\",\"image\":{\"@type\":\"ImageObject\",\"inLanguage\":\"fr-FR\",\"@id\":\"https:\/\/nathaliecopinhypnosechalon.fr\/#\/schema\/person\/image\/\",\"url\":\"https:\/\/secure.gravatar.com\/avatar\/3cb492c8ea2c5179fe5740e2c6111bc2?s=96&d=mm&r=g\",\"contentUrl\":\"https:\/\/secure.gravatar.com\/avatar\/3cb492c8ea2c5179fe5740e2c6111bc2?s=96&d=mm&r=g\",\"caption\":\"Nathalie Copin\"},\"logo\":{\"@id\":\"https:\/\/nathaliecopinhypnosechalon.fr\/#\/schema\/person\/image\/\"},\"sameAs\":[\"https:\/\/nathaliecopinhypnosechalon.fr\/\",\"https:\/\/www.facebook.com\/hypnose.chalon.sur.saone\/\",\"https:\/\/www.youtube.com\/channel\/UC6MzQg6N2SzBxmVIVb4FJTQ\"]}]}<\/script>\n<!-- \/ Yoast SEO plugin. -->","yoast_head_json":{"title":"L'hypnose, pour quoi faire? | Hypnose et th\u00e9rapies br\u00e8ves","description":"Les indications de l'hypnose sont tr\u00e8s nombreuses, je dirais m\u00eame infinies .On peut les classer par grands objectifs, et la liste n'est ...","robots":{"index":"index","follow":"follow","max-snippet":"max-snippet:-1","max-image-preview":"max-image-preview:large","max-video-preview":"max-video-preview:-1"},"canonical":"https:\/\/nathaliecopinhypnosechalon.fr\/index.php\/lhypnose-pour-quoi-faire\/","og_locale":"fr_FR","og_type":"article","og_title":"L'hypnose, pour quoi faire? | Hypnose et th\u00e9rapies br\u00e8ves","og_description":"Les indications de l'hypnose sont tr\u00e8s nombreuses, je dirais m\u00eame infinies .On peut les classer par grands objectifs, et la liste n'est ...","og_url":"https:\/\/nathaliecopinhypnosechalon.fr\/index.php\/lhypnose-pour-quoi-faire\/","og_site_name":"Hypnose et th\u00e9rapies br\u00e8ves","article_publisher":"https:\/\/www.facebook.com\/hypnose.chalon.sur.saone\/","article_modified_time":"2021-06-23T15:04:14+00:00","twitter_card":"summary_large_image","twitter_misc":{"Dur\u00e9e de lecture estim\u00e9e":"1 minute"},"schema":{"@context":"https:\/\/schema.org","@graph":[{"@type":"WebPage","@id":"https:\/\/nathaliecopinhypnosechalon.fr\/index.php\/lhypnose-pour-quoi-faire\/","url":"https:\/\/nathaliecopinhypnosechalon.fr\/index.php\/lhypnose-pour-quoi-faire\/","name":"L'hypnose, pour quoi faire? | Hypnose et th\u00e9rapies br\u00e8ves","isPartOf":{"@id":"https:\/\/nathaliecopinhypnosechalon.fr\/#website"},"datePublished":"2016-06-12T16:29:55+00:00","dateModified":"2021-06-23T15:04:14+00:00","description":"Les indications de l'hypnose sont tr\u00e8s nombreuses, je dirais m\u00eame infinies .On peut les classer par grands objectifs, et la liste n'est ...","breadcrumb":{"@id":"https:\/\/nathaliecopinhypnosechalon.fr\/index.php\/lhypnose-pour-quoi-faire\/#breadcrumb"},"inLanguage":"fr-FR","potentialAction":[{"@type":"ReadAction","target":["https:\/\/nathaliecopinhypnosechalon.fr\/index.php\/lhypnose-pour-quoi-faire\/"]}]},{"@type":"BreadcrumbList","@id":"https:\/\/nathaliecopinhypnosechalon.fr\/index.php\/lhypnose-pour-quoi-faire\/#breadcrumb","itemListElement":[{"@type":"ListItem","position":1,"name":"Accueil","item":"https:\/\/nathaliecopinhypnosechalon.fr\/"},{"@type":"ListItem","position":2,"name":"L&rsquo;hypnose, pour quoi faire?"}]},{"@type":"WebSite","@id":"https:\/\/nathaliecopinhypnosechalon.fr\/#website","url":"https:\/\/nathaliecopinhypnosechalon.fr\/","name":"Hypnose et th\u00e9rapies br\u00e8ves","description":"Soyez bien, simplement","publisher":{"@id":"https:\/\/nathaliecopinhypnosechalon.fr\/#\/schema\/person\/f445a33ca84b3d1cd3694ae243e8f500"},"potentialAction":[{"@type":"SearchAction","target":{"@type":"EntryPoint","urlTemplate":"https:\/\/nathaliecopinhypnosechalon.fr\/?s={search_term_string}"},"query-input":{"@type":"PropertyValueSpecification","valueRequired":true,"valueName":"search_term_string"}}],"inLanguage":"fr-FR"},{"@type":["Person","Organization"],"@id":"https:\/\/nathaliecopinhypnosechalon.fr\/#\/schema\/person\/f445a33ca84b3d1cd3694ae243e8f500","name":"Nathalie Copin","image":{"@type":"ImageObject","inLanguage":"fr-FR","@id":"https:\/\/nathaliecopinhypnosechalon.fr\/#\/schema\/person\/image\/","url":"https:\/\/secure.gravatar.com\/avatar\/3cb492c8ea2c5179fe5740e2c6111bc2?s=96&d=mm&r=g","contentUrl":"https:\/\/secure.gravatar.com\/avatar\/3cb492c8ea2c5179fe5740e2c6111bc2?s=96&d=mm&r=g","caption":"Nathalie Copin"},"logo":{"@id":"https:\/\/nathaliecopinhypnosechalon.fr\/#\/schema\/person\/image\/"},"sameAs":["https:\/\/nathaliecopinhypnosechalon.fr\/","https:\/\/www.facebook.com\/hypnose.chalon.sur.saone\/","https:\/\/www.youtube.com\/channel\/UC6MzQg6N2SzBxmVIVb4FJTQ"]}]}},"_links":{"self":[{"href":"https:\/\/nathaliecopinhypnosechalon.fr\/index.php\/wp-json\/wp\/v2\/pages\/26"}],"collection":[{"href":"https:\/\/nathaliecopinhypnosechalon.fr\/index.php\/wp-json\/wp\/v2\/pages"}],"about":[{"href":"https:\/\/nathaliecopinhypnosechalon.fr\/index.php\/wp-json\/wp\/v2\/types\/page"}],"author":[{"embeddable":true,"href":"https:\/\/nathaliecopinhypnosechalon.fr\/index.php\/wp-json\/wp\/v2\/users\/1"}],"replies":[{"embeddable":true,"href":"https:\/\/nathaliecopinhypnosechalon.fr\/index.php\/wp-json\/wp\/v2\/comments?post=26"}],"version-history":[{"count":1,"href":"https:\/\/nathaliecopinhypnosechalon.fr\/index.php\/wp-json\/wp\/v2\/pages\/26\/revisions"}],"predecessor-version":[{"id":27,"href":"https:\/\/nathaliecopinhypnosechalon.fr\/index.php\/wp-json\/wp\/v2\/pages\/26\/revisions\/27"}],"wp:attachment":[{"href":"https:\/\/nathaliecopinhypnosechalon.fr\/index.php\/wp-json\/wp\/v2\/media?parent=26"}],"curies":[{"name":"wp","href":"https:\/\/api.w.org\/{rel}","templated":true}]}}