{"id":86,"date":"2019-06-25T08:55:02","date_gmt":"2019-06-25T06:55:02","guid":{"rendered":"http:\/\/nathaliecopinhypnosechalon.fr\/?page_id=86"},"modified":"2021-06-23T16:55:14","modified_gmt":"2021-06-23T14:55:14","slug":"comment-se-deroule-une-consultation","status":"publish","type":"page","link":"https:\/\/nathaliecopinhypnosechalon.fr\/index.php\/comment-se-deroule-une-consultation\/","title":{"rendered":"Comment se d\u00e9roule une consultation"},"content":{"rendered":"<p><!--StartFragment--><\/p>\n\n\n<p>Les consultations durent environ 1h00, elles se d\u00e9roulent au 9 rempart Saint Pierre \u00e0 Chalon sur Sa\u00f4ne ou \u00e0 votre domicile dans la r\u00e9gion de Pierre de Bresse<\/p>\n\n\n\n<p>les phases de la consultation:<\/p>\n\n\n\n<ol><li>Un entretien pour faire connaissance, r\u00e9pondre \u00e0 vos questions et, essentiel,  d\u00e9finir votre objectif.  <\/li><li>Un protocole strat\u00e9gique qui  permet d&rsquo;installer peu \u00e0 peu les changements, en douceur.<\/li><li>Un retour \u00e0 un \u00e9tat de conscience habituel<\/li><li>Un bilan<\/li><\/ol>\n\n\n\n<p>S&rsquo;agissant de th\u00e9rapie br\u00e8ve et strat\u00e9gique, il faut compter <strong>en moyenne<\/strong> 3 s\u00e9ances espac\u00e9es d&rsquo;une semaine \u00e0 un mois. Parfois une seule s\u00e9ance suffit, parfois il en faut une 5 ou 7&#8230;, chaque accompagnement \u00e9tant totalement personnalis\u00e9. Mon objectif est de vous rendre autonome dans la gestion de votre probl\u00e9matique en compl\u00e9tant si vous le souhaitez par des s\u00e9ances pour apprendre l&rsquo;autohypnose.<\/p>\n\n\n\n<p>Les s\u00e9ances consacr\u00e9es au <a href=\"http:\/\/nathaliecopinhypnosechalon.fr\/index.php\/expertise-tabac\/\" target=\"_blank\" rel=\"noreferrer noopener\" aria-label=\"sevrage tabagique (s\u2019ouvre dans un nouvel onglet)\">sevrage tabagique<\/a> s&rsquo;organisent autrement.<\/p>\n\n\n<p><!--EndFragment--><\/p>","protected":false},"excerpt":{"rendered":"<p>Les consultations durent environ 1h00, elles se d\u00e9roulent au 9 rempart Saint Pierre \u00e0 Chalon sur Sa\u00f4ne ou \u00e0 votre domicile dans la r\u00e9gion de Pierre de Bresse les phases de la consultation: Un entretien pour faire connaissance, r\u00e9pondre \u00e0 vos questions et, essentiel, d\u00e9finir votre objectif. Un protocole strat\u00e9gique qui permet d&rsquo;installer peu \u00e0 [&hellip;]<\/p>\n","protected":false},"author":1,"featured_media":0,"parent":0,"menu_order":0,"comment_status":"closed","ping_status":"closed","template":"","meta":{"footnotes":""},"yoast_head":"<!-- This site is optimized with the Yoast SEO plugin v23.5 - https:\/\/yoast.com\/wordpress\/plugins\/seo\/ -->\n<title>D\u00e9roulement des consultations | Hypnose et th\u00e9rapies br\u00e8ves<\/title>\n<meta name=\"description\" content=\"Sur cette page vous retrouvez toutes les informations concernant le d\u00e9roulement des consultations d&#039;hypnose et th\u00e9rapies br\u00e8ves\" \/>\n<meta name=\"robots\" content=\"index, follow, max-snippet:-1, max-image-preview:large, max-video-preview:-1\" \/>\n<link rel=\"canonical\" href=\"https:\/\/nathaliecopinhypnosechalon.fr\/index.php\/comment-se-deroule-une-consultation\/\" \/>\n<meta property=\"og:locale\" content=\"fr_FR\" \/>\n<meta property=\"og:type\" content=\"article\" \/>\n<meta property=\"og:title\" content=\"D\u00e9roulement des consultations | Hypnose et th\u00e9rapies br\u00e8ves\" \/>\n<meta property=\"og:description\" content=\"Sur cette page vous retrouvez toutes les informations concernant le d\u00e9roulement des consultations d&#039;hypnose et th\u00e9rapies br\u00e8ves\" \/>\n<meta property=\"og:url\" content=\"https:\/\/nathaliecopinhypnosechalon.fr\/index.php\/comment-se-deroule-une-consultation\/\" \/>\n<meta property=\"og:site_name\" content=\"Hypnose et th\u00e9rapies br\u00e8ves\" \/>\n<meta property=\"article:publisher\" content=\"https:\/\/www.facebook.com\/hypnose.chalon.sur.saone\/\" \/>\n<meta property=\"article:modified_time\" content=\"2021-06-23T14:55:14+00:00\" \/>\n<meta name=\"twitter:card\" content=\"summary_large_image\" \/>\n<meta name=\"twitter:label1\" content=\"Dur\u00e9e de lecture estim\u00e9e\" \/>\n\t<meta name=\"twitter:data1\" content=\"1 minute\" \/>\n<script type=\"application\/ld+json\" class=\"yoast-schema-graph\">{\"@context\":\"https:\/\/schema.org\",\"@graph\":[{\"@type\":\"WebPage\",\"@id\":\"https:\/\/nathaliecopinhypnosechalon.fr\/index.php\/comment-se-deroule-une-consultation\/\",\"url\":\"https:\/\/nathaliecopinhypnosechalon.fr\/index.php\/comment-se-deroule-une-consultation\/\",\"name\":\"D\u00e9roulement des consultations | Hypnose et th\u00e9rapies br\u00e8ves\",\"isPartOf\":{\"@id\":\"https:\/\/nathaliecopinhypnosechalon.fr\/#website\"},\"datePublished\":\"2019-06-25T06:55:02+00:00\",\"dateModified\":\"2021-06-23T14:55:14+00:00\",\"description\":\"Sur cette page vous retrouvez toutes les informations concernant le d\u00e9roulement des consultations d'hypnose et th\u00e9rapies br\u00e8ves\",\"breadcrumb\":{\"@id\":\"https:\/\/nathaliecopinhypnosechalon.fr\/index.php\/comment-se-deroule-une-consultation\/#breadcrumb\"},\"inLanguage\":\"fr-FR\",\"potentialAction\":[{\"@type\":\"ReadAction\",\"target\":[\"https:\/\/nathaliecopinhypnosechalon.fr\/index.php\/comment-se-deroule-une-consultation\/\"]}]},{\"@type\":\"BreadcrumbList\",\"@id\":\"https:\/\/nathaliecopinhypnosechalon.fr\/index.php\/comment-se-deroule-une-consultation\/#breadcrumb\",\"itemListElement\":[{\"@type\":\"ListItem\",\"position\":1,\"name\":\"Accueil\",\"item\":\"https:\/\/nathaliecopinhypnosechalon.fr\/\"},{\"@type\":\"ListItem\",\"position\":2,\"name\":\"Comment se d\u00e9roule une consultation\"}]},{\"@type\":\"WebSite\",\"@id\":\"https:\/\/nathaliecopinhypnosechalon.fr\/#website\",\"url\":\"https:\/\/nathaliecopinhypnosechalon.fr\/\",\"name\":\"Hypnose et th\u00e9rapies br\u00e8ves\",\"description\":\"Soyez bien, simplement\",\"publisher\":{\"@id\":\"https:\/\/nathaliecopinhypnosechalon.fr\/#\/schema\/person\/f445a33ca84b3d1cd3694ae243e8f500\"},\"potentialAction\":[{\"@type\":\"SearchAction\",\"target\":{\"@type\":\"EntryPoint\",\"urlTemplate\":\"https:\/\/nathaliecopinhypnosechalon.fr\/?s={search_term_string}\"},\"query-input\":{\"@type\":\"PropertyValueSpecification\",\"valueRequired\":true,\"valueName\":\"search_term_string\"}}],\"inLanguage\":\"fr-FR\"},{\"@type\":[\"Person\",\"Organization\"],\"@id\":\"https:\/\/nathaliecopinhypnosechalon.fr\/#\/schema\/person\/f445a33ca84b3d1cd3694ae243e8f500\",\"name\":\"Nathalie Copin\",\"image\":{\"@type\":\"ImageObject\",\"inLanguage\":\"fr-FR\",\"@id\":\"https:\/\/nathaliecopinhypnosechalon.fr\/#\/schema\/person\/image\/\",\"url\":\"https:\/\/secure.gravatar.com\/avatar\/3cb492c8ea2c5179fe5740e2c6111bc2?s=96&d=mm&r=g\",\"contentUrl\":\"https:\/\/secure.gravatar.com\/avatar\/3cb492c8ea2c5179fe5740e2c6111bc2?s=96&d=mm&r=g\",\"caption\":\"Nathalie Copin\"},\"logo\":{\"@id\":\"https:\/\/nathaliecopinhypnosechalon.fr\/#\/schema\/person\/image\/\"},\"sameAs\":[\"https:\/\/nathaliecopinhypnosechalon.fr\/\",\"https:\/\/www.facebook.com\/hypnose.chalon.sur.saone\/\",\"https:\/\/www.youtube.com\/channel\/UC6MzQg6N2SzBxmVIVb4FJTQ\"]}]}<\/script>\n<!-- \/ Yoast SEO plugin. -->","yoast_head_json":{"title":"D\u00e9roulement des consultations | Hypnose et th\u00e9rapies br\u00e8ves","description":"Sur cette page vous retrouvez toutes les informations concernant le d\u00e9roulement des consultations d'hypnose et th\u00e9rapies br\u00e8ves","robots":{"index":"index","follow":"follow","max-snippet":"max-snippet:-1","max-image-preview":"max-image-preview:large","max-video-preview":"max-video-preview:-1"},"canonical":"https:\/\/nathaliecopinhypnosechalon.fr\/index.php\/comment-se-deroule-une-consultation\/","og_locale":"fr_FR","og_type":"article","og_title":"D\u00e9roulement des consultations | Hypnose et th\u00e9rapies br\u00e8ves","og_description":"Sur cette page vous retrouvez toutes les informations concernant le d\u00e9roulement des consultations d'hypnose et th\u00e9rapies br\u00e8ves","og_url":"https:\/\/nathaliecopinhypnosechalon.fr\/index.php\/comment-se-deroule-une-consultation\/","og_site_name":"Hypnose et th\u00e9rapies br\u00e8ves","article_publisher":"https:\/\/www.facebook.com\/hypnose.chalon.sur.saone\/","article_modified_time":"2021-06-23T14:55:14+00:00","twitter_card":"summary_large_image","twitter_misc":{"Dur\u00e9e de lecture estim\u00e9e":"1 minute"},"schema":{"@context":"https:\/\/schema.org","@graph":[{"@type":"WebPage","@id":"https:\/\/nathaliecopinhypnosechalon.fr\/index.php\/comment-se-deroule-une-consultation\/","url":"https:\/\/nathaliecopinhypnosechalon.fr\/index.php\/comment-se-deroule-une-consultation\/","name":"D\u00e9roulement des consultations | Hypnose et th\u00e9rapies br\u00e8ves","isPartOf":{"@id":"https:\/\/nathaliecopinhypnosechalon.fr\/#website"},"datePublished":"2019-06-25T06:55:02+00:00","dateModified":"2021-06-23T14:55:14+00:00","description":"Sur cette page vous retrouvez toutes les informations concernant le d\u00e9roulement des consultations d'hypnose et th\u00e9rapies br\u00e8ves","breadcrumb":{"@id":"https:\/\/nathaliecopinhypnosechalon.fr\/index.php\/comment-se-deroule-une-consultation\/#breadcrumb"},"inLanguage":"fr-FR","potentialAction":[{"@type":"ReadAction","target":["https:\/\/nathaliecopinhypnosechalon.fr\/index.php\/comment-se-deroule-une-consultation\/"]}]},{"@type":"BreadcrumbList","@id":"https:\/\/nathaliecopinhypnosechalon.fr\/index.php\/comment-se-deroule-une-consultation\/#breadcrumb","itemListElement":[{"@type":"ListItem","position":1,"name":"Accueil","item":"https:\/\/nathaliecopinhypnosechalon.fr\/"},{"@type":"ListItem","position":2,"name":"Comment se d\u00e9roule une consultation"}]},{"@type":"WebSite","@id":"https:\/\/nathaliecopinhypnosechalon.fr\/#website","url":"https:\/\/nathaliecopinhypnosechalon.fr\/","name":"Hypnose et th\u00e9rapies br\u00e8ves","description":"Soyez bien, simplement","publisher":{"@id":"https:\/\/nathaliecopinhypnosechalon.fr\/#\/schema\/person\/f445a33ca84b3d1cd3694ae243e8f500"},"potentialAction":[{"@type":"SearchAction","target":{"@type":"EntryPoint","urlTemplate":"https:\/\/nathaliecopinhypnosechalon.fr\/?s={search_term_string}"},"query-input":{"@type":"PropertyValueSpecification","valueRequired":true,"valueName":"search_term_string"}}],"inLanguage":"fr-FR"},{"@type":["Person","Organization"],"@id":"https:\/\/nathaliecopinhypnosechalon.fr\/#\/schema\/person\/f445a33ca84b3d1cd3694ae243e8f500","name":"Nathalie Copin","image":{"@type":"ImageObject","inLanguage":"fr-FR","@id":"https:\/\/nathaliecopinhypnosechalon.fr\/#\/schema\/person\/image\/","url":"https:\/\/secure.gravatar.com\/avatar\/3cb492c8ea2c5179fe5740e2c6111bc2?s=96&d=mm&r=g","contentUrl":"https:\/\/secure.gravatar.com\/avatar\/3cb492c8ea2c5179fe5740e2c6111bc2?s=96&d=mm&r=g","caption":"Nathalie Copin"},"logo":{"@id":"https:\/\/nathaliecopinhypnosechalon.fr\/#\/schema\/person\/image\/"},"sameAs":["https:\/\/nathaliecopinhypnosechalon.fr\/","https:\/\/www.facebook.com\/hypnose.chalon.sur.saone\/","https:\/\/www.youtube.com\/channel\/UC6MzQg6N2SzBxmVIVb4FJTQ"]}]}},"_links":{"self":[{"href":"https:\/\/nathaliecopinhypnosechalon.fr\/index.php\/wp-json\/wp\/v2\/pages\/86"}],"collection":[{"href":"https:\/\/nathaliecopinhypnosechalon.fr\/index.php\/wp-json\/wp\/v2\/pages"}],"about":[{"href":"https:\/\/nathaliecopinhypnosechalon.fr\/index.php\/wp-json\/wp\/v2\/types\/page"}],"author":[{"embeddable":true,"href":"https:\/\/nathaliecopinhypnosechalon.fr\/index.php\/wp-json\/wp\/v2\/users\/1"}],"replies":[{"embeddable":true,"href":"https:\/\/nathaliecopinhypnosechalon.fr\/index.php\/wp-json\/wp\/v2\/comments?post=86"}],"version-history":[{"count":5,"href":"https:\/\/nathaliecopinhypnosechalon.fr\/index.php\/wp-json\/wp\/v2\/pages\/86\/revisions"}],"predecessor-version":[{"id":247,"href":"https:\/\/nathaliecopinhypnosechalon.fr\/index.php\/wp-json\/wp\/v2\/pages\/86\/revisions\/247"}],"wp:attachment":[{"href":"https:\/\/nathaliecopinhypnosechalon.fr\/index.php\/wp-json\/wp\/v2\/media?parent=86"}],"curies":[{"name":"wp","href":"https:\/\/api.w.org\/{rel}","templated":true}]}}