{"id":91,"date":"2019-03-25T08:56:28","date_gmt":"2019-03-25T07:56:28","guid":{"rendered":"http:\/\/nathaliecopinhypnosechalon.fr\/?page_id=91"},"modified":"2025-06-05T13:48:45","modified_gmt":"2025-06-05T11:48:45","slug":"contacts-et-tarifs","status":"publish","type":"page","link":"https:\/\/nathaliecopinhypnosechalon.fr\/index.php\/contacts-et-tarifs\/","title":{"rendered":"Contacts et tarifs"},"content":{"rendered":"<p><!--StartFragment--><\/p>\n\n\n<p>Retrouvez ma page <a href=\"https:\/\/www.facebook.com\/hypnosemayotte\/\" target=\"_blank\" rel=\"noreferrer noopener\" aria-label=\" (s\u2019ouvre dans un nouvel onglet)\">facebook<\/a><\/p>\n\n\n\n<p>Prenez RDV au 06 40 78 81 15 <\/p>\n\n\n\n<p>Ou  envoyez-moi un courriel \u00e0 nathalie.copin976@gmail.com<\/p>\n\n\n\n\n\n<p>Une consultation dure environ une heure.<\/p>\n\n\n\n<p>A compter du 6  janvier 2025, le tarif (de 65 euros inchang\u00e9 depuis 2021) passe \u00e0 <strong>67 euros<\/strong><\/p>\n\n\n\n<p>Le r\u00e9glement s&rsquo;effectue principalement par ch\u00e8que ou esp\u00e8ce , (virement possible \u00e0 partir de la deuxi\u00e8me consultation.<\/p>\n\n\n\n<p>Une consultation annul\u00e9e moins de 24h00 doit \u00eatre r\u00e9gl\u00e9e.<\/p>\n\n\n<p><!--EndFragment--><\/p>\n\n\n<p><\/p>\n\n\n\n<p>Mon cabinet est situ\u00e9 9 rempart saint Pierre \u00e0 Chalon\/Sa\u00f4ne. Je consulte aussi \u00e0 distance via WhatsApp, pour la plupart des indications, quand vous \u00eates trop loin ou pour des raisons sanitaires.<\/p>\n\n\n\n<p><\/p>\n","protected":false},"excerpt":{"rendered":"<p>Retrouvez ma page facebook Prenez RDV au 06 40 78 81 15 Ou envoyez-moi un courriel \u00e0 nathalie.copin976@gmail.com Une consultation dure environ une heure. A compter du 6 janvier 2025, le tarif (de 65 euros inchang\u00e9 depuis 2021) passe \u00e0 67 euros Le r\u00e9glement s&rsquo;effectue principalement par ch\u00e8que ou esp\u00e8ce , (virement possible \u00e0 partir [&hellip;]<\/p>\n","protected":false},"author":1,"featured_media":0,"parent":0,"menu_order":0,"comment_status":"closed","ping_status":"closed","template":"","meta":{"footnotes":""},"yoast_head":"<!-- This site is optimized with the Yoast SEO plugin v23.5 - https:\/\/yoast.com\/wordpress\/plugins\/seo\/ -->\n<title>Contacts et tarifs consultation | Hypnose et th\u00e9rapies br\u00e8ves<\/title>\n<meta name=\"description\" content=\"Retrouvez les informations afin de prendre contact et les tarifs de consultation hypnose et th\u00e9rapies br\u00e8ves\" \/>\n<meta name=\"robots\" content=\"index, follow, max-snippet:-1, max-image-preview:large, max-video-preview:-1\" \/>\n<link rel=\"canonical\" href=\"https:\/\/nathaliecopinhypnosechalon.fr\/index.php\/contacts-et-tarifs\/\" \/>\n<meta property=\"og:locale\" content=\"fr_FR\" \/>\n<meta property=\"og:type\" content=\"article\" \/>\n<meta property=\"og:title\" content=\"Contacts et tarifs consultation | Hypnose et th\u00e9rapies br\u00e8ves\" \/>\n<meta property=\"og:description\" content=\"Retrouvez les informations afin de prendre contact et les tarifs de consultation hypnose et th\u00e9rapies br\u00e8ves\" \/>\n<meta property=\"og:url\" content=\"https:\/\/nathaliecopinhypnosechalon.fr\/index.php\/contacts-et-tarifs\/\" \/>\n<meta property=\"og:site_name\" content=\"Hypnose et th\u00e9rapies br\u00e8ves\" \/>\n<meta property=\"article:publisher\" content=\"https:\/\/www.facebook.com\/hypnose.chalon.sur.saone\/\" \/>\n<meta property=\"article:modified_time\" content=\"2025-06-05T11:48:45+00:00\" \/>\n<meta name=\"twitter:card\" content=\"summary_large_image\" \/>\n<meta name=\"twitter:label1\" content=\"Dur\u00e9e de lecture estim\u00e9e\" \/>\n\t<meta name=\"twitter:data1\" content=\"1 minute\" \/>\n<script type=\"application\/ld+json\" class=\"yoast-schema-graph\">{\"@context\":\"https:\/\/schema.org\",\"@graph\":[{\"@type\":\"WebPage\",\"@id\":\"https:\/\/nathaliecopinhypnosechalon.fr\/index.php\/contacts-et-tarifs\/\",\"url\":\"https:\/\/nathaliecopinhypnosechalon.fr\/index.php\/contacts-et-tarifs\/\",\"name\":\"Contacts et tarifs consultation | Hypnose et th\u00e9rapies br\u00e8ves\",\"isPartOf\":{\"@id\":\"https:\/\/nathaliecopinhypnosechalon.fr\/#website\"},\"datePublished\":\"2019-03-25T07:56:28+00:00\",\"dateModified\":\"2025-06-05T11:48:45+00:00\",\"description\":\"Retrouvez les informations afin de prendre contact et les tarifs de consultation hypnose et th\u00e9rapies br\u00e8ves\",\"breadcrumb\":{\"@id\":\"https:\/\/nathaliecopinhypnosechalon.fr\/index.php\/contacts-et-tarifs\/#breadcrumb\"},\"inLanguage\":\"fr-FR\",\"potentialAction\":[{\"@type\":\"ReadAction\",\"target\":[\"https:\/\/nathaliecopinhypnosechalon.fr\/index.php\/contacts-et-tarifs\/\"]}]},{\"@type\":\"BreadcrumbList\",\"@id\":\"https:\/\/nathaliecopinhypnosechalon.fr\/index.php\/contacts-et-tarifs\/#breadcrumb\",\"itemListElement\":[{\"@type\":\"ListItem\",\"position\":1,\"name\":\"Accueil\",\"item\":\"https:\/\/nathaliecopinhypnosechalon.fr\/\"},{\"@type\":\"ListItem\",\"position\":2,\"name\":\"Contacts et tarifs\"}]},{\"@type\":\"WebSite\",\"@id\":\"https:\/\/nathaliecopinhypnosechalon.fr\/#website\",\"url\":\"https:\/\/nathaliecopinhypnosechalon.fr\/\",\"name\":\"Hypnose et th\u00e9rapies br\u00e8ves\",\"description\":\"Soyez bien, simplement\",\"publisher\":{\"@id\":\"https:\/\/nathaliecopinhypnosechalon.fr\/#\/schema\/person\/f445a33ca84b3d1cd3694ae243e8f500\"},\"potentialAction\":[{\"@type\":\"SearchAction\",\"target\":{\"@type\":\"EntryPoint\",\"urlTemplate\":\"https:\/\/nathaliecopinhypnosechalon.fr\/?s={search_term_string}\"},\"query-input\":{\"@type\":\"PropertyValueSpecification\",\"valueRequired\":true,\"valueName\":\"search_term_string\"}}],\"inLanguage\":\"fr-FR\"},{\"@type\":[\"Person\",\"Organization\"],\"@id\":\"https:\/\/nathaliecopinhypnosechalon.fr\/#\/schema\/person\/f445a33ca84b3d1cd3694ae243e8f500\",\"name\":\"Nathalie Copin\",\"image\":{\"@type\":\"ImageObject\",\"inLanguage\":\"fr-FR\",\"@id\":\"https:\/\/nathaliecopinhypnosechalon.fr\/#\/schema\/person\/image\/\",\"url\":\"https:\/\/secure.gravatar.com\/avatar\/3cb492c8ea2c5179fe5740e2c6111bc2?s=96&d=mm&r=g\",\"contentUrl\":\"https:\/\/secure.gravatar.com\/avatar\/3cb492c8ea2c5179fe5740e2c6111bc2?s=96&d=mm&r=g\",\"caption\":\"Nathalie Copin\"},\"logo\":{\"@id\":\"https:\/\/nathaliecopinhypnosechalon.fr\/#\/schema\/person\/image\/\"},\"sameAs\":[\"https:\/\/nathaliecopinhypnosechalon.fr\/\",\"https:\/\/www.facebook.com\/hypnose.chalon.sur.saone\/\",\"https:\/\/www.youtube.com\/channel\/UC6MzQg6N2SzBxmVIVb4FJTQ\"]}]}<\/script>\n<!-- \/ Yoast SEO plugin. -->","yoast_head_json":{"title":"Contacts et tarifs consultation | Hypnose et th\u00e9rapies br\u00e8ves","description":"Retrouvez les informations afin de prendre contact et les tarifs de consultation hypnose et th\u00e9rapies br\u00e8ves","robots":{"index":"index","follow":"follow","max-snippet":"max-snippet:-1","max-image-preview":"max-image-preview:large","max-video-preview":"max-video-preview:-1"},"canonical":"https:\/\/nathaliecopinhypnosechalon.fr\/index.php\/contacts-et-tarifs\/","og_locale":"fr_FR","og_type":"article","og_title":"Contacts et tarifs consultation | Hypnose et th\u00e9rapies br\u00e8ves","og_description":"Retrouvez les informations afin de prendre contact et les tarifs de consultation hypnose et th\u00e9rapies br\u00e8ves","og_url":"https:\/\/nathaliecopinhypnosechalon.fr\/index.php\/contacts-et-tarifs\/","og_site_name":"Hypnose et th\u00e9rapies br\u00e8ves","article_publisher":"https:\/\/www.facebook.com\/hypnose.chalon.sur.saone\/","article_modified_time":"2025-06-05T11:48:45+00:00","twitter_card":"summary_large_image","twitter_misc":{"Dur\u00e9e de lecture estim\u00e9e":"1 minute"},"schema":{"@context":"https:\/\/schema.org","@graph":[{"@type":"WebPage","@id":"https:\/\/nathaliecopinhypnosechalon.fr\/index.php\/contacts-et-tarifs\/","url":"https:\/\/nathaliecopinhypnosechalon.fr\/index.php\/contacts-et-tarifs\/","name":"Contacts et tarifs consultation | Hypnose et th\u00e9rapies br\u00e8ves","isPartOf":{"@id":"https:\/\/nathaliecopinhypnosechalon.fr\/#website"},"datePublished":"2019-03-25T07:56:28+00:00","dateModified":"2025-06-05T11:48:45+00:00","description":"Retrouvez les informations afin de prendre contact et les tarifs de consultation hypnose et th\u00e9rapies br\u00e8ves","breadcrumb":{"@id":"https:\/\/nathaliecopinhypnosechalon.fr\/index.php\/contacts-et-tarifs\/#breadcrumb"},"inLanguage":"fr-FR","potentialAction":[{"@type":"ReadAction","target":["https:\/\/nathaliecopinhypnosechalon.fr\/index.php\/contacts-et-tarifs\/"]}]},{"@type":"BreadcrumbList","@id":"https:\/\/nathaliecopinhypnosechalon.fr\/index.php\/contacts-et-tarifs\/#breadcrumb","itemListElement":[{"@type":"ListItem","position":1,"name":"Accueil","item":"https:\/\/nathaliecopinhypnosechalon.fr\/"},{"@type":"ListItem","position":2,"name":"Contacts et tarifs"}]},{"@type":"WebSite","@id":"https:\/\/nathaliecopinhypnosechalon.fr\/#website","url":"https:\/\/nathaliecopinhypnosechalon.fr\/","name":"Hypnose et th\u00e9rapies br\u00e8ves","description":"Soyez bien, simplement","publisher":{"@id":"https:\/\/nathaliecopinhypnosechalon.fr\/#\/schema\/person\/f445a33ca84b3d1cd3694ae243e8f500"},"potentialAction":[{"@type":"SearchAction","target":{"@type":"EntryPoint","urlTemplate":"https:\/\/nathaliecopinhypnosechalon.fr\/?s={search_term_string}"},"query-input":{"@type":"PropertyValueSpecification","valueRequired":true,"valueName":"search_term_string"}}],"inLanguage":"fr-FR"},{"@type":["Person","Organization"],"@id":"https:\/\/nathaliecopinhypnosechalon.fr\/#\/schema\/person\/f445a33ca84b3d1cd3694ae243e8f500","name":"Nathalie Copin","image":{"@type":"ImageObject","inLanguage":"fr-FR","@id":"https:\/\/nathaliecopinhypnosechalon.fr\/#\/schema\/person\/image\/","url":"https:\/\/secure.gravatar.com\/avatar\/3cb492c8ea2c5179fe5740e2c6111bc2?s=96&d=mm&r=g","contentUrl":"https:\/\/secure.gravatar.com\/avatar\/3cb492c8ea2c5179fe5740e2c6111bc2?s=96&d=mm&r=g","caption":"Nathalie Copin"},"logo":{"@id":"https:\/\/nathaliecopinhypnosechalon.fr\/#\/schema\/person\/image\/"},"sameAs":["https:\/\/nathaliecopinhypnosechalon.fr\/","https:\/\/www.facebook.com\/hypnose.chalon.sur.saone\/","https:\/\/www.youtube.com\/channel\/UC6MzQg6N2SzBxmVIVb4FJTQ"]}]}},"_links":{"self":[{"href":"https:\/\/nathaliecopinhypnosechalon.fr\/index.php\/wp-json\/wp\/v2\/pages\/91"}],"collection":[{"href":"https:\/\/nathaliecopinhypnosechalon.fr\/index.php\/wp-json\/wp\/v2\/pages"}],"about":[{"href":"https:\/\/nathaliecopinhypnosechalon.fr\/index.php\/wp-json\/wp\/v2\/types\/page"}],"author":[{"embeddable":true,"href":"https:\/\/nathaliecopinhypnosechalon.fr\/index.php\/wp-json\/wp\/v2\/users\/1"}],"replies":[{"embeddable":true,"href":"https:\/\/nathaliecopinhypnosechalon.fr\/index.php\/wp-json\/wp\/v2\/comments?post=91"}],"version-history":[{"count":15,"href":"https:\/\/nathaliecopinhypnosechalon.fr\/index.php\/wp-json\/wp\/v2\/pages\/91\/revisions"}],"predecessor-version":[{"id":528,"href":"https:\/\/nathaliecopinhypnosechalon.fr\/index.php\/wp-json\/wp\/v2\/pages\/91\/revisions\/528"}],"wp:attachment":[{"href":"https:\/\/nathaliecopinhypnosechalon.fr\/index.php\/wp-json\/wp\/v2\/media?parent=91"}],"curies":[{"name":"wp","href":"https:\/\/api.w.org\/{rel}","templated":true}]}}